{"id":3329607,"date":"2025-11-10T11:56:34","date_gmt":"2025-11-10T10:56:34","guid":{"rendered":"https:\/\/stockholmfurniturefair.se\/start\/stockholm-furniture-fair-returns-in-2027\/"},"modified":"2025-11-14T16:56:45","modified_gmt":"2025-11-14T15:56:45","slug":"stockholm-furniture-fair-returns-in-2027","status":"publish","type":"page","link":"https:\/\/stockholmfurniturefair.se\/en\/start\/stockholm-furniture-fair-returns-in-2027\/","title":{"rendered":"Stockholm Furniture Fair returns in 2027"},"content":{"rendered":"<p>[et_pb_section fb_built=&#8221;1&#8243; _builder_version=&#8221;4.27.4&#8243; _module_preset=&#8221;7657aeb9-3fe8-4566-8fd5-4a0f6528452f&#8221; background_color=&#8221;#D8D1BE&#8221; background_image=&#8221;https:\/\/stockholmfurniturefair.se\/wp-content\/uploads\/2025\/11\/Header-article-page-2.jpg&#8221; global_colors_info=&#8221;{}&#8221;][et_pb_row _builder_version=&#8221;4.27.4&#8243; _module_preset=&#8221;b17654ae-d498-4aa3-9e83-3a39eebcf665&#8243; global_colors_info=&#8221;{}&#8221;][et_pb_column type=&#8221;4_4&#8243; _builder_version=&#8221;4.27.4&#8243; _module_preset=&#8221;default&#8221; global_colors_info=&#8221;{}&#8221;][et_pb_cta title=&#8221;Stockholm Furniture Fair in a new rhythm \u2014 back in 2027 &#8221; button_text=&#8221;click&#8221; _builder_version=&#8221;4.27.4&#8243; _module_preset=&#8221;0c020bf7-864f-4f5d-a1f7-527c030141c8&#8243; global_colors_info=&#8221;{}&#8221;][\/et_pb_cta][\/et_pb_column][\/et_pb_row][\/et_pb_section][et_pb_section fb_built=&#8221;1&#8243; admin_label=&#8221;Text 50\/50&#8243; _builder_version=&#8221;4.27.4&#8243; _module_preset=&#8221;686d69ca-81b0-465e-8be3-dd94e208ba19&#8243; background_enable_color=&#8221;off&#8221; locked=&#8221;off&#8221; global_colors_info=&#8221;{}&#8221;][et_pb_row column_structure=&#8221;3_4,1_4&#8243; custom_padding_last_edited=&#8221;on|phone&#8221; _builder_version=&#8221;4.27.4&#8243; _module_preset=&#8221;81c64a6d-4dbf-484b-bf12-393f3b1b21d1&#8243; custom_margin=&#8221;||||false|false&#8221; custom_padding=&#8221;|0px|0px||false|false&#8221; custom_padding_tablet=&#8221;20px||||false|false&#8221; custom_padding_phone=&#8221;20px||||false|false&#8221; hover_enabled=&#8221;0&#8243; border_color_right=&#8221;#EFEDE5&#8243; locked=&#8221;off&#8221; global_colors_info=&#8221;{}&#8221; sticky_enabled=&#8221;0&#8243;][et_pb_column type=&#8221;3_4&#8243; _builder_version=&#8221;4.23.4&#8243; _module_preset=&#8221;default&#8221; global_colors_info=&#8221;{}&#8221;][et_pb_text _builder_version=&#8221;4.27.4&#8243; _module_preset=&#8221;54f7f059-7a11-4617-87a2-436c6f2c11b9&#8243; max_width=&#8221;703px&#8221; custom_margin=&#8221;||0px||false|false&#8221; custom_margin_tablet=&#8221;||0px||false|false&#8221; custom_margin_phone=&#8221;||0px||false|false&#8221; custom_margin_last_edited=&#8221;on|desktop&#8221; custom_padding=&#8221;|0px||||&#8221; hover_enabled=&#8221;0&#8243; global_colors_info=&#8221;{}&#8221; sticky_enabled=&#8221;0&#8243;][\/et_pb_text][et_pb_text _builder_version=&#8221;4.27.4&#8243; _module_preset=&#8221;default&#8221; custom_padding=&#8221;||8px|4px||&#8221; global_colors_info=&#8221;{}&#8221;]<\/p>\n<h2><span style=\"color: #000000;\">Stockholm Furniture Fair is taking the next step in its development and will become a biennial event from 2027.  <\/span><\/h2>\n<p>[\/et_pb_text][\/et_pb_column][et_pb_column type=&#8221;1_4&#8243; _builder_version=&#8221;4.23.4&#8243; _module_preset=&#8221;default&#8221; global_colors_info=&#8221;{}&#8221;][\/et_pb_column][\/et_pb_row][\/et_pb_section][et_pb_section fb_built=&#8221;1&#8243; admin_label=&#8221;Text 50\/50&#8243; _builder_version=&#8221;4.27.4&#8243; _module_preset=&#8221;686d69ca-81b0-465e-8be3-dd94e208ba19&#8243; background_enable_color=&#8221;off&#8221; locked=&#8221;off&#8221; global_colors_info=&#8221;{}&#8221;][et_pb_row column_structure=&#8221;1_2,1_2&#8243; admin_label=&#8221;Wheel&#8221; _builder_version=&#8221;4.27.4&#8243; _module_preset=&#8221;81c64a6d-4dbf-484b-bf12-393f3b1b21d1&#8243; hover_enabled=&#8221;0&#8243; locked=&#8221;off&#8221; sticky_enabled=&#8221;0&#8243;][et_pb_column type=&#8221;1_2&#8243; _builder_version=&#8221;4.23.4&#8243; _module_preset=&#8221;default&#8221; global_colors_info=&#8221;{}&#8221;][et_pb_text _builder_version=&#8221;4.27.4&#8243; _module_preset=&#8221;default&#8221; global_colors_info=&#8221;{}&#8221;][\/et_pb_text][et_pb_text _builder_version=&#8221;4.27.4&#8243; _module_preset=&#8221;default&#8221; global_colors_info=&#8221;{}&#8221;][\/et_pb_text][et_pb_text _builder_version=&#8221;4.27.4&#8243; _module_preset=&#8221;default&#8221; global_colors_info=&#8221;{}&#8221;][\/et_pb_text][\/et_pb_column][et_pb_column type=&#8221;1_2&#8243; _builder_version=&#8221;4.23.4&#8243; _module_preset=&#8221;default&#8221; global_colors_info=&#8221;{}&#8221;][et_pb_text _builder_version=&#8221;4.27.4&#8243; _module_preset=&#8221;default&#8221; text_text_color=&#8221;#000000&#8243; custom_padding=&#8221;|||4px||&#8221; global_colors_info=&#8221;{}&#8221;]<\/p>\n<p><span style=\"color: #000000;\">In order to meet future demands and ensure long-term development of the platform in line with market needs, Stockholm Furniture Fair is now gathering strength. In collaboration with the Swedish furniture industry and its representative TMF, Tr\u00e4- och M\u00f6belf\u00f6retagen, it has been decided that the fair will not take place in February 2026. Instead, efforts will be directed toward a relaunch in 2027.  <\/span><\/p>\n<p><span style=\"color: #000000;\">The aim is to better keep pace with the industry&#8217;s development and needs, create better conditions for long-term growth and build a broader platform over time \u2014 with activities and initiatives even between the fair&#8217;s editions.<\/span><\/p>\n<p><span style=\"color: #000000;\">The new rhythm as a biennial strengthens Stockholm Furniture Fair&#8217;s position as the most important business platform for Swedish and Scandinavian design, where the industry meets innovation, knowledge and quality.<\/span><\/p>\n<p><span style=\"color: #000000;\">\u2014 The goal is to create an even stronger, more relevant and future-oriented platform and therefore we now choose to gather strength for 2027. This is an important step in our ambition to develop both the business, the product and the experience together with the industry,&#8221; says  <\/span><span style=\"color: #000000;\">Chicie Lindgren, Business Area Manager for Stockholm Design Events.<\/span><\/p>\n<p>&nbsp;<\/p>\n<p>STOCKHOLM DESIGN WEEK<\/p>\n<p>Stockholm Design Week will take a creative break in 2026 and return in 2027 \u2014 thereafter with annual editions.<br \/>Together with Stockholm Furniture Fair, the design week strengthens Stockholm&#8217;s role as a leading and international design destination.<\/p>\n<p>&nbsp;<\/p>\n<h3><a href=\"https:\/\/www.mynewsdesk.com\/se\/stockholmsmassan\/pressreleases\/stockholm-furniture-fair-satsar-med-full-kraft-infoer-2027-3408413\" target=\"_blank\" rel=\"noopener\">Read more here \u2192<\/a><\/h3>\n<p>&nbsp;<\/p>\n<p>[\/et_pb_text][\/et_pb_column][\/et_pb_row][\/et_pb_section][et_pb_section fb_built=&#8221;1&#8243; admin_label=&#8221;Bild 1\/2 + Text 1\/2&#8243; _builder_version=&#8221;4.27.4&#8243; _module_preset=&#8221;53730d9e-ed01-4e4a-9dcd-0a8aaa057ed9&#8243; background_color=&#8221;#EFEDE5&#8243; custom_padding_phone=&#8221;60px||0px||false|false&#8221; hover_enabled=&#8221;0&#8243; border_color_bottom=&#8221;#EFEDE5&#8243; global_colors_info=&#8221;{%22gcid-zqmeyyr1-ozjs-tdol-t9th-kdmdqxufunhr%22:%91%22border_color_right%22,%22border_color_right%22,%22border_color_right%22%93}&#8221; sticky_enabled=&#8221;0&#8243;][et_pb_row column_structure=&#8221;1_2,1_2&#8243; make_equal=&#8221;on&#8221; module_class=&#8221;image-text&#8221; _builder_version=&#8221;4.27.4&#8243; _module_preset=&#8221;81c64a6d-4dbf-484b-bf12-393f3b1b21d1&#8243; custom_padding=&#8221;||0px||false|false&#8221; hover_enabled=&#8221;0&#8243; border_color_top=&#8221;#EFEDE5&#8243; sticky_enabled=&#8221;0&#8243;][et_pb_column type=&#8221;1_2&#8243; _builder_version=&#8221;4.23.4&#8243; _module_preset=&#8221;default&#8221; global_colors_info=&#8221;{}&#8221;][et_pb_text _builder_version=&#8221;4.27.4&#8243; _module_preset=&#8221;d799bd86-35ac-43bb-8e28-1e4fef6cfc10&#8243; custom_margin=&#8221;||0px||false|false&#8221; custom_margin_tablet=&#8221;||0px||false|false&#8221; custom_margin_phone=&#8221;||0px||false|false&#8221; custom_margin_last_edited=&#8221;on|desktop&#8221; hover_enabled=&#8221;0&#8243; global_colors_info=&#8221;{}&#8221; sticky_enabled=&#8221;0&#8243;]<\/p>\n<h2>Agenda<\/h2>\n<p>[\/et_pb_text][\/et_pb_column][et_pb_column type=&#8221;1_2&#8243; _builder_version=&#8221;4.23.4&#8243; _module_preset=&#8221;default&#8221; global_colors_info=&#8221;{}&#8221;][\/et_pb_column][\/et_pb_row][et_pb_row column_structure=&#8221;1_4,1_4,1_4,1_4&#8243; _builder_version=&#8221;4.27.4&#8243; _module_preset=&#8221;ee6991a6-b301-4ddb-978d-7aa361f207b0&#8243; hover_enabled=&#8221;0&#8243; sticky_enabled=&#8221;0&#8243;][et_pb_column type=&#8221;1_4&#8243; _builder_version=&#8221;4.24.2&#8243; _module_preset=&#8221;default&#8221; link_option_url=&#8221;#&#8221; global_colors_info=&#8221;{}&#8221;][et_pb_cta button_url=&#8221;#&#8221; _builder_version=&#8221;4.27.4&#8243; _module_preset=&#8221;d1a0e565-51d5-48aa-9ab5-4520e91350e1&#8243; border_color_bottom=&#8221;#EFEDE5&#8243; global_colors_info=&#8221;{%22gcid-zqmeyyr1-ozjs-tdol-t9th-kdmdqxufunhr%22:%91%22button_bg_color%22,%22button_border_color%22,%22button_bg_color%22,%22button_border_color%22,%22button_bg_color%22,%22button_border_color%22,%22button_bg_color%22,%22button_border_color%22,%22button_border_color%22%93,%22gcid-8ctl9olw-qzl0-39sh-h9m4-2r68cuzkve1q%22:%91%22button_bg_color%22,%22button_bg_color%22,%22button_bg_color%22,%22button_bg_color%22%93,%22gcid-xe7ua1bg-8o1q-uq3m-f8ql-qk12tgltkuk4%22:%91%22button_bg_color__hover%22%93,%22gcid-b1vezamf-03sf-crky-v342-jj7uc24ewnda%22:%91%22button_text_color%22%93,%22gcid-m0fraqv3-qztm-9290-df11-7p07yu2mtcg6%22:%91%22button_text_color__hover%22%93}&#8221;]<\/p>\n<h2 style=\"text-align: left;\">Industry dialogue &amp; workshop<br \/>Autumn 2025<\/h2>\n<p style=\"text-align: left;\">We are inviting representatives from the furniture and lighting industry to join us in discussions about future needs. The aim is to jointly define the direction for the next edition of Stockholm Furniture Fair. <\/p>\n<p>Join the conversation \u2014 <a href=\"furniturefair@stockholmsmassan.se\">contact us<\/a>. <\/p>\n<p>[\/et_pb_cta][\/et_pb_column][et_pb_column type=&#8221;1_4&#8243; _builder_version=&#8221;4.24.2&#8243; _module_preset=&#8221;default&#8221; link_option_url=&#8221;#&#8221; global_colors_info=&#8221;{}&#8221;][et_pb_cta button_url=&#8221;#&#8221; _builder_version=&#8221;4.27.4&#8243; _module_preset=&#8221;d1a0e565-51d5-48aa-9ab5-4520e91350e1&#8243; border_color_bottom=&#8221;#EFEDE5&#8243; global_colors_info=&#8221;{%22gcid-zqmeyyr1-ozjs-tdol-t9th-kdmdqxufunhr%22:%91%22button_bg_color%22,%22button_border_color%22,%22button_bg_color%22,%22button_border_color%22,%22button_bg_color%22,%22button_border_color%22,%22button_bg_color%22,%22button_border_color%22,%22button_border_color%22%93,%22gcid-8ctl9olw-qzl0-39sh-h9m4-2r68cuzkve1q%22:%91%22button_bg_color%22,%22button_bg_color%22,%22button_bg_color%22,%22button_bg_color%22%93,%22gcid-xe7ua1bg-8o1q-uq3m-f8ql-qk12tgltkuk4%22:%91%22button_bg_color__hover%22%93,%22gcid-b1vezamf-03sf-crky-v342-jj7uc24ewnda%22:%91%22button_text_color%22%93,%22gcid-m0fraqv3-qztm-9290-df11-7p07yu2mtcg6%22:%91%22button_text_color__hover%22%93}&#8221;]<\/p>\n<h2 style=\"text-align: left;\">Innovation forum<br \/>Autumn 2025<\/h2>\n<p style=\"text-align: left;\">A dialogue with Scandinavian actors in material innovation, circular business models and future production systems. This is a starting point for the 2027 initiatives and raises the question of how design can contribute to a better future. <\/p>\n<p>If you want to be part of our innovation area \u2014 <a href=\"furniturefair@stockholmsmassan.se\">get in touch<\/a>.<\/p>\n<p>[\/et_pb_cta][\/et_pb_column][et_pb_column type=&#8221;1_4&#8243; _builder_version=&#8221;4.24.2&#8243; _module_preset=&#8221;default&#8221; link_option_url=&#8221;#&#8221; global_colors_info=&#8221;{}&#8221;][et_pb_cta button_url=&#8221;#&#8221; _builder_version=&#8221;4.27.4&#8243; _module_preset=&#8221;d1a0e565-51d5-48aa-9ab5-4520e91350e1&#8243; border_color_bottom=&#8221;#EFEDE5&#8243; global_colors_info=&#8221;{%22gcid-zqmeyyr1-ozjs-tdol-t9th-kdmdqxufunhr%22:%91%22button_bg_color%22,%22button_border_color%22,%22button_bg_color%22,%22button_border_color%22,%22button_bg_color%22,%22button_border_color%22,%22button_bg_color%22,%22button_border_color%22,%22button_border_color%22%93,%22gcid-8ctl9olw-qzl0-39sh-h9m4-2r68cuzkve1q%22:%91%22button_bg_color%22,%22button_bg_color%22,%22button_bg_color%22,%22button_bg_color%22%93,%22gcid-xe7ua1bg-8o1q-uq3m-f8ql-qk12tgltkuk4%22:%91%22button_bg_color__hover%22%93,%22gcid-b1vezamf-03sf-crky-v342-jj7uc24ewnda%22:%91%22button_text_color%22%93,%22gcid-m0fraqv3-qztm-9290-df11-7p07yu2mtcg6%22:%91%22button_text_color__hover%22%93}&#8221;]<\/p>\n<h2 style=\"text-align: left;\">Industry meeting<br \/>Spring 2026<\/h2>\n<p style=\"text-align: left;\">In the spring, we plan a joint industry meeting where we share insights, present news and look ahead to the new start in 2027.<\/p>\n<p>Registration will open soon.<\/p>\n<p>[\/et_pb_cta][\/et_pb_column][et_pb_column type=&#8221;1_4&#8243; _builder_version=&#8221;4.24.2&#8243; _module_preset=&#8221;default&#8221; link_option_url=&#8221;#&#8221; global_colors_info=&#8221;{}&#8221;][et_pb_cta button_url=&#8221;#&#8221; _builder_version=&#8221;4.27.4&#8243; _module_preset=&#8221;d1a0e565-51d5-48aa-9ab5-4520e91350e1&#8243; border_color_bottom=&#8221;#EFEDE5&#8243; global_colors_info=&#8221;{%22gcid-zqmeyyr1-ozjs-tdol-t9th-kdmdqxufunhr%22:%91%22button_bg_color%22,%22button_border_color%22,%22button_bg_color%22,%22button_border_color%22,%22button_bg_color%22,%22button_border_color%22,%22button_bg_color%22,%22button_border_color%22,%22button_border_color%22%93,%22gcid-8ctl9olw-qzl0-39sh-h9m4-2r68cuzkve1q%22:%91%22button_bg_color%22,%22button_bg_color%22,%22button_bg_color%22,%22button_bg_color%22%93,%22gcid-xe7ua1bg-8o1q-uq3m-f8ql-qk12tgltkuk4%22:%91%22button_bg_color__hover%22%93,%22gcid-b1vezamf-03sf-crky-v342-jj7uc24ewnda%22:%91%22button_text_color%22%93,%22gcid-m0fraqv3-qztm-9290-df11-7p07yu2mtcg6%22:%91%22button_text_color__hover%22%93}&#8221;]<\/p>\n<h2 style=\"text-align: left;\">Partnership &amp; collaboration<br \/>Ongoing 2025\u20142026<\/h2>\n<p>We are deepening and broadening our collaborations with both existing and new partners.<br \/>By working more closely with industry organizations, companies and institutions, we want to create more synergies that strengthen both the fair and the industry in general.<\/p>\n<p>If you want to become a partner \u2014 <a href=\"furniturefair@stockholmsmassan.se\">contact us!<\/a><\/p>\n<p>&nbsp;<\/p>\n<p>[\/et_pb_cta][\/et_pb_column][\/et_pb_row][\/et_pb_section][et_pb_section fb_built=&#8221;1&#8243; admin_label=&#8221;Logos&#8221; _builder_version=&#8221;4.27.4&#8243; _module_preset=&#8221;92c65e68-3f7f-4303-9c7d-a7ffd6dca311&#8243; background_enable_color=&#8221;off&#8221; locked=&#8221;off&#8221; global_colors_info=&#8221;{}&#8221;][et_pb_row _builder_version=&#8221;4.27.4&#8243; _module_preset=&#8221;81c64a6d-4dbf-484b-bf12-393f3b1b21d1&#8243; custom_padding=&#8221;27px||||false|false&#8221; hover_enabled=&#8221;0&#8243; global_colors_info=&#8221;{}&#8221; sticky_enabled=&#8221;0&#8243;][et_pb_column type=&#8221;4_4&#8243; _builder_version=&#8221;4.24.0&#8243; _module_preset=&#8221;default&#8221; global_colors_info=&#8221;{}&#8221;][et_pb_text _builder_version=&#8221;4.27.4&#8243; _module_preset=&#8221;6c986d97-41e4-44db-b5f6-2343c1263b2b&#8221; text_font=&#8221;Ivar SFF Display||||||||&#8221; text_text_color=&#8221;#000000&#8243; hover_enabled=&#8221;0&#8243; global_colors_info=&#8221;{}&#8221; sticky_enabled=&#8221;0&#8243;]<\/p>\n<h2 style=\"text-align: left;\">Main Partners<\/h2>\n<p>[\/et_pb_text][\/et_pb_column][\/et_pb_row][et_pb_row use_custom_gutter=&#8221;on&#8221; _builder_version=&#8221;4.27.4&#8243; _module_preset=&#8221;546f6f5e-af65-40dd-9514-f24d246022f3&#8243; width_tablet=&#8221;&#8221; width_phone=&#8221;&#8221; width_last_edited=&#8221;on|phone&#8221; global_colors_info=&#8221;{}&#8221;][et_pb_column type=&#8221;4_4&#8243; _builder_version=&#8221;4.27.4&#8243; _module_preset=&#8221;default&#8221; global_colors_info=&#8221;{}&#8221;][et_pb_image src=&#8221;https:\/\/stockholmfurniturefair.se\/wp-content\/uploads\/2024\/04\/tmf_500x400-1.jpg&#8221; title_text=&#8221;tmf_500x400 (1)&#8221; url=&#8221;https:\/\/www.tmf.se\/&#8221; url_new_window=&#8221;on&#8221; src_tablet=&#8221;https:\/\/stockholmfurniturefair.se\/wp-content\/uploads\/2024\/04\/tmf_500x400-1.jpg&#8221; src_phone=&#8221;https:\/\/stockholmfurniturefair.se\/wp-content\/uploads\/2024\/04\/tmf_500x400-1.jpg&#8221; src_last_edited=&#8221;on|phone&#8221; align_tablet=&#8221;&#8221; align_phone=&#8221;left&#8221; align_last_edited=&#8221;on|phone&#8221; module_class=&#8221;logo-member img square&#8221; _builder_version=&#8221;4.27.4&#8243; _module_preset=&#8221;073810b0-3b26-47dc-83ff-9d5122db2a4d&#8221; custom_margin_tablet=&#8221;&#8221; custom_margin_phone=&#8221;&#8221; custom_margin_last_edited=&#8221;on|phone&#8221; hover_enabled=&#8221;0&#8243; module_alignment_tablet=&#8221;&#8221; module_alignment_phone=&#8221;left&#8221; module_alignment_last_edited=&#8221;on|phone&#8221; custom_css_free_form=&#8221;@media (max-width: 768px) {||    .wp-image-3316890 {||        display: block;||        margin: 0;||        text-align: left;||    }||}&#8221; locked=&#8221;off&#8221; global_colors_info=&#8221;{}&#8221; sticky_enabled=&#8221;0&#8243;][\/et_pb_image][et_pb_image src=&#8221;https:\/\/stockholmfurniturefair.se\/wp-content\/uploads\/2024\/04\/sveriges_arkitekter_500x400.jpg&#8221; title_text=&#8221;sveriges_arkitekter_500x400&#8243; url=&#8221;https:\/\/www.arkitekt.se\/&#8221; _builder_version=&#8221;4.27.4&#8243; _module_preset=&#8221;073810b0-3b26-47dc-83ff-9d5122db2a4d&#8221; locked=&#8221;off&#8221; global_colors_info=&#8221;{}&#8221;][\/et_pb_image][et_pb_image src=&#8221;https:\/\/stockholmfurniturefair.se\/wp-content\/uploads\/2024\/11\/SI.png&#8221; title_text=&#8221;SI&#8221; url=&#8221;https:\/\/si.se\/&#8221; _builder_version=&#8221;4.27.4&#8243; _module_preset=&#8221;073810b0-3b26-47dc-83ff-9d5122db2a4d&#8221; filter_opacity=&#8221;50%&#8221; hover_enabled=&#8221;0&#8243; global_colors_info=&#8221;{}&#8221; filter_opacity__hover_enabled=&#8221;on|hover&#8221; filter_opacity__hover=&#8221;100%&#8221; sticky_enabled=&#8221;0&#8243;][\/et_pb_image][et_pb_image src=&#8221;https:\/\/stockholmfurniturefair.se\/wp-content\/uploads\/2024\/04\/100-gruppen_500x400.jpg&#8221; title_text=&#8221;100-group_500x400&#8243; url=&#8221;https:\/\/sv.100gruppen.se\/&#8221; src_tablet=&#8221;https:\/\/stockholmfurniturefair.se\/wp-content\/uploads\/2024\/04\/100-gruppen_500x400.jpg&#8221; src_phone=&#8221;https:\/\/stockholmfurniturefair.se\/wp-content\/uploads\/2024\/04\/100-gruppen_500x400.jpg&#8221; src_last_edited=&#8221;on|desktop&#8221; _builder_version=&#8221;4.27.4&#8243; _module_preset=&#8221;073810b0-3b26-47dc-83ff-9d5122db2a4d&#8221; hover_enabled=&#8221;0&#8243; global_colors_info=&#8221;{}&#8221; src__hover_enabled=&#8221;on|desktop&#8221; src__hover=&#8221;https:\/\/stockholmfurniturefair.se\/wp-content\/uploads\/2024\/04\/100-gruppen_500x400.jpg&#8221; sticky_enabled=&#8221;0&#8243;][\/et_pb_image][et_pb_image src=&#8221;https:\/\/stockholmfurniturefair.se\/wp-content\/uploads\/2024\/11\/Arlanda-Express-1.png&#8221; title_text=&#8221;Arlanda Express&#8221; url=&#8221;https:\/\/www.arlandaexpress.se\/&#8221; _builder_version=&#8221;4.27.4&#8243; _module_preset=&#8221;073810b0-3b26-47dc-83ff-9d5122db2a4d&#8221; hover_enabled=&#8221;0&#8243; global_colors_info=&#8221;{}&#8221; sticky_enabled=&#8221;0&#8243;][\/et_pb_image][et_pb_image src=&#8221;https:\/\/stockholmfurniturefair.se\/wp-content\/uploads\/2024\/12\/Nobis_Stockholm-Furniture-Fair_500x400.png&#8221; title_text=&#8221;Nobis_Stockholm-Furniture-Fair_500x400&#8243; url=&#8221;https:\/\/nobis.se\/&#8221; url_new_window=&#8221;on&#8221; _builder_version=&#8221;4.27.4&#8243; _module_preset=&#8221;073810b0-3b26-47dc-83ff-9d5122db2a4d&#8221; filter_opacity=&#8221;50%&#8221; hover_enabled=&#8221;0&#8243; global_colors_info=&#8221;{}&#8221; filter_saturate__hover_enabled=&#8221;on|desktop&#8221; filter_opacity__hover_enabled=&#8221;on|hover&#8221; filter_opacity__hover=&#8221;100%&#8221; sticky_enabled=&#8221;0&#8243;][\/et_pb_image][\/et_pb_column][\/et_pb_row][\/et_pb_section]<\/p>\n","protected":false},"excerpt":{"rendered":"<p>Stockholm Furniture Fair is taking the next step in its development and will become a biennial event from 2027. In order to meet future demands and ensure long-term development of [&hellip;]<\/p>\n","protected":false},"author":5,"featured_media":0,"parent":3318786,"menu_order":0,"comment_status":"closed","ping_status":"closed","template":"","meta":{"_et_pb_use_builder":"on","_et_pb_old_content":"","_et_gb_content_width":"","footnotes":""},"hf_cat_page":[],"class_list":["post-3329607","page","type-page","status-publish","hentry"],"_links":{"self":[{"href":"https:\/\/stockholmfurniturefair.se\/en\/wp-json\/wp\/v2\/pages\/3329607","targetHints":{"allow":["GET"]}}],"collection":[{"href":"https:\/\/stockholmfurniturefair.se\/en\/wp-json\/wp\/v2\/pages"}],"about":[{"href":"https:\/\/stockholmfurniturefair.se\/en\/wp-json\/wp\/v2\/types\/page"}],"author":[{"embeddable":true,"href":"https:\/\/stockholmfurniturefair.se\/en\/wp-json\/wp\/v2\/users\/5"}],"replies":[{"embeddable":true,"href":"https:\/\/stockholmfurniturefair.se\/en\/wp-json\/wp\/v2\/comments?post=3329607"}],"version-history":[{"count":6,"href":"https:\/\/stockholmfurniturefair.se\/en\/wp-json\/wp\/v2\/pages\/3329607\/revisions"}],"predecessor-version":[{"id":3329959,"href":"https:\/\/stockholmfurniturefair.se\/en\/wp-json\/wp\/v2\/pages\/3329607\/revisions\/3329959"}],"up":[{"embeddable":true,"href":"https:\/\/stockholmfurniturefair.se\/en\/wp-json\/wp\/v2\/pages\/3318786"}],"wp:attachment":[{"href":"https:\/\/stockholmfurniturefair.se\/en\/wp-json\/wp\/v2\/media?parent=3329607"}],"wp:term":[{"taxonomy":"hf_cat_page","embeddable":true,"href":"https:\/\/stockholmfurniturefair.se\/en\/wp-json\/wp\/v2\/hf_cat_page?post=3329607"}],"curies":[{"name":"wp","href":"https:\/\/api.w.org\/{rel}","templated":true}]}}