{"id":3318910,"date":"2024-04-18T11:59:24","date_gmt":"2024-04-18T09:59:24","guid":{"rendered":"https:\/\/dev.stockholmfurniturefair.se\/mentors-2024\/"},"modified":"2025-11-14T15:55:39","modified_gmt":"2025-11-14T14:55:39","slug":"greenhouse-mentorship","status":"publish","type":"page","link":"https:\/\/stockholmfurniturefair.se\/en\/greenhouse-mentorship\/","title":{"rendered":"Mentors 2025"},"content":{"rendered":"<p>[et_pb_section fb_built=&#8221;1&#8243; admin_label=&#8221;Text 50\/50&#8243; _builder_version=&#8221;4.27.4&#8243; _module_preset=&#8221;7657aeb9-3fe8-4566-8fd5-4a0f6528452f&#8221; background_enable_color=&#8221;off&#8221; background_image=&#8221;https:\/\/stockholmfurniturefair.se\/wp-content\/uploads\/2024\/05\/Header-article-page15.jpg&#8221; custom_padding=&#8221;100px||100px||false|false&#8221; global_colors_info=&#8221;{}&#8221;][et_pb_row column_structure=&#8221;1_2,1_2&#8243; _builder_version=&#8221;4.27.4&#8243; _module_preset=&#8221;b17654ae-d498-4aa3-9e83-3a39eebcf665&#8243; custom_padding=&#8221;||0px||false|false&#8221; global_colors_info=&#8221;{}&#8221;][et_pb_column type=&#8221;1_2&#8243; _builder_version=&#8221;4.24.2&#8243; _module_preset=&#8221;default&#8221; global_colors_info=&#8221;{}&#8221;][et_pb_text _builder_version=&#8221;4.27.4&#8243; _module_preset=&#8221;6c986d97-41e4-44db-b5f6-2343c1263b2b&#8221; global_colors_info=&#8221;{}&#8221;]<\/p>\n<h1><span style=\"color: #ffffff;\">Greenhouse Mentorship<\/span><\/h1>\n<p>[\/et_pb_text][\/et_pb_column][et_pb_column type=&#8221;1_2&#8243; _builder_version=&#8221;4.24.2&#8243; _module_preset=&#8221;default&#8221; global_colors_info=&#8221;{}&#8221;][\/et_pb_column][\/et_pb_row][\/et_pb_section][et_pb_section fb_built=&#8221;1&#8243; admin_label=&#8221;Text 50\/50&#8243; _builder_version=&#8221;4.27.4&#8243; _module_preset=&#8221;93cfa4df-7940-468a-8d03-dd85dbcb903a&#8221; global_colors_info=&#8221;{}&#8221;][et_pb_row column_structure=&#8221;1_2,1_2&#8243; _builder_version=&#8221;4.27.4&#8243; _module_preset=&#8221;81c64a6d-4dbf-484b-bf12-393f3b1b21d1&#8243; global_colors_info=&#8221;{}&#8221;][et_pb_column type=&#8221;1_2&#8243; _builder_version=&#8221;4.24.2&#8243; _module_preset=&#8221;default&#8221; global_colors_info=&#8221;{}&#8221;][et_pb_text _builder_version=&#8221;4.27.4&#8243; _module_preset=&#8221;6c986d97-41e4-44db-b5f6-2343c1263b2b&#8221; global_colors_info=&#8221;{}&#8221;]<\/p>\n<h2>Mentors 2025<\/h2>\n<p>[\/et_pb_text][\/et_pb_column][et_pb_column type=&#8221;1_2&#8243; _builder_version=&#8221;4.24.2&#8243; _module_preset=&#8221;default&#8221; global_colors_info=&#8221;{}&#8221;][et_pb_text _builder_version=&#8221;4.27.4&#8243; _module_preset=&#8221;default&#8221; global_colors_info=&#8221;{}&#8221;]<\/p>\n<p><span style=\"color: #000000;\">The Greenhouse Mentorship offers a unique opportunity to develop with the help of a mentor with many years of experience in the industry. <span style=\"font-size: 18px;\">The independent designers exhibiting in the Greenhouse will have the opportunity to submit an expression of interest to the mentor they would like to work with. The mentor then evaluates all applications and selects the mentee they feel they can help the most. Throughout the year, the mentor and mentee keep in regular contact and discuss topics and issues on which the mentee wishes to receive advice.  <\/span><\/span><\/p>\n<p>[\/et_pb_text][\/et_pb_column][\/et_pb_row][\/et_pb_section][et_pb_section fb_built=&#8221;1&#8243; admin_label=&#8221;Text 1\/2 + Bild 1\/2&#8243; _builder_version=&#8221;4.27.4&#8243; _module_preset=&#8221;92c65e68-3f7f-4303-9c7d-a7ffd6dca311&#8243; global_colors_info=&#8221;{%22gcid-zqmeyyr1-ozjs-tdol-t9th-kdmdqxufunhr%22:%91%22border_color_right%22,%22border_color_right%22%93}&#8221;][et_pb_row column_structure=&#8221;1_2,1_2&#8243; make_equal=&#8221;on&#8221; module_class=&#8221;image-text&#8221; _builder_version=&#8221;4.27.4&#8243; _module_preset=&#8221;81c64a6d-4dbf-484b-bf12-393f3b1b21d1&#8243; custom_padding=&#8221;50px||||false|false&#8221; hover_enabled=&#8221;0&#8243; global_colors_info=&#8221;{}&#8221; sticky_enabled=&#8221;0&#8243;][et_pb_column type=&#8221;1_2&#8243; _builder_version=&#8221;4.23.4&#8243; _module_preset=&#8221;default&#8221; global_colors_info=&#8221;{}&#8221;][et_pb_image src=&#8221;https:\/\/stockholmfurniturefair.se\/wp-content\/uploads\/2024\/11\/Emma-Blanche_1080x540.jpg&#8221; alt=&#8221;Designer Emma Marga Blanche was one of the mentors in our 2025 mentoring program.&#8221; title_text=&#8221;Emma Blanche_1080x540&#8243; _builder_version=&#8221;4.27.4&#8243; _module_preset=&#8221;2ff91809-5cb7-41b2-85d5-d2d795ce283c&#8221; custom_margin=&#8221;-34px|||||&#8221; global_colors_info=&#8221;{}&#8221;][\/et_pb_image][\/et_pb_column][et_pb_column type=&#8221;1_2&#8243; _builder_version=&#8221;4.23.4&#8243; _module_preset=&#8221;default&#8221; global_colors_info=&#8221;{}&#8221;][et_pb_cta title=&#8221;Emma Marga Blanche, designer and founder, F\u00e4rg &#038; Blanche&#8221; button_url=&#8221;#&#8221; _builder_version=&#8221;4.27.4&#8243; _module_preset=&#8221;725ea676-8a65-4c26-b56b-09b3e7455556&#8243; custom_padding=&#8221;0px|||||&#8221; hover_enabled=&#8221;0&#8243; global_colors_info=&#8221;{%22gcid-m0fraqv3-qztm-9290-df11-7p07yu2mtcg6%22:%91%22button_text_color%22,%22header_text_color%22,%22body_text_color%22%93,%22gcid-8ctl9olw-qzl0-39sh-h9m4-2r68cuzkve1q%22:%91%22button_border_color%22,%22button_border_color__hover%22%93,%22gcid-zqmeyyr1-ozjs-tdol-t9th-kdmdqxufunhr%22:%91%22button_border_color%22,%22button_bg_color%22%93,%22gcid-xe7ua1bg-8o1q-uq3m-f8ql-qk12tgltkuk4%22:%91%22button_border_color__hover%22,%22button_bg_color__hover%22,%22button_border_color__hover%22,%22button_bg_color__hover%22%93}&#8221; button_bg_color__hover_enabled=&#8221;on|desktop&#8221; button_bg_color__hover=&#8221;#659c82&#8243; sticky_enabled=&#8221;0&#8243;]<\/p>\n<p><a href=\"https:\/\/roosaryhanen.com\/\" target=\"_blank\" rel=\"noopener\"><span style=\"color: #000000;\">Mentee: Roosa Ryh\u00e4nen<\/span><\/a><\/p>\n<p><span style=\"color: #000000;\">Emma Marga Blanche is a French-Swedish designer who founded the design studio <a style=\"color: #000000;\" href=\"https:\/\/www.fargblanche.com\/\" target=\"_blank\" rel=\"noopener\">F\u00c4RG &amp; BLANCHE<\/a> in Stockholm in 2010 with her partner Fredrik F\u00e4rg. The studio has collaborated with well-known furniture companies such as BD Barcelona, Bernhardt Design, G\u00e4rsn\u00e4s, Johanson and Petite Friture. In addition to product design, they also create limited edition art and public installations. Known for their experimental approach to materials and techniques, they balance between handmade unique works and commercial production. In 2023, the studio created The Yellow Thread installation for Sweden&#8217;s Presidency of the Council of the European Union in Brussels.    <\/span><\/p>\n<p>&nbsp;<\/p>\n<p>[\/et_pb_cta][\/et_pb_column][\/et_pb_row][et_pb_row column_structure=&#8221;1_2,1_2&#8243; make_equal=&#8221;on&#8221; custom_padding_last_edited=&#8221;on|phone&#8221; module_class=&#8221;reverse-mobile image-text&#8221; _builder_version=&#8221;4.27.4&#8243; _module_preset=&#8221;81c64a6d-4dbf-484b-bf12-393f3b1b21d1&#8243; custom_padding=&#8221;||50px||false|false&#8221; custom_padding_tablet=&#8221;0px||||false|false&#8221; custom_padding_phone=&#8221;0px||||false|false&#8221; hover_enabled=&#8221;0&#8243; global_colors_info=&#8221;{}&#8221; sticky_enabled=&#8221;0&#8243;][et_pb_column type=&#8221;1_2&#8243; _builder_version=&#8221;4.23.4&#8243; _module_preset=&#8221;default&#8221; global_colors_info=&#8221;{}&#8221;][et_pb_cta title=&#8221;Daniel Enoksson, designer&#8221; button_url=&#8221;#&#8221; module_class=&#8221;image-text&#8221; _builder_version=&#8221;4.27.4&#8243; _module_preset=&#8221;725ea676-8a65-4c26-b56b-09b3e7455556&#8243; hover_enabled=&#8221;0&#8243; locked=&#8221;off&#8221; global_colors_info=&#8221;{%22gcid-zqmeyyr1-ozjs-tdol-t9th-kdmdqxufunhr%22:%91%22button_bg_color%22,%22button_border_color%22%93,%22gcid-8ctl9olw-qzl0-39sh-h9m4-2r68cuzkve1q%22:%91%22button_bg_color%22,%22button_border_color__hover%22%93,%22gcid-xe7ua1bg-8o1q-uq3m-f8ql-qk12tgltkuk4%22:%91%22button_border_color__hover%22,%22button_bg_color__hover%22%93,%22gcid-m0fraqv3-qztm-9290-df11-7p07yu2mtcg6%22:%91%22button_text_color%22,%22button_text_color%22%93}&#8221; sticky_enabled=&#8221;0&#8243;]<\/p>\n<p>Mentee: <a href=\"https:\/\/formsdesign.hu\/about\/\" target=\"_blank\" rel=\"noopener\">Form design<\/a><\/p>\n<p><span style=\"color: #000000;\">Swedish designer <a style=\"color: #000000;\" href=\"https:\/\/www.danielenoksson.com\/\" target=\"_blank\" rel=\"noopener\">Daniel Enoksson<\/a> studied design at Beckmans School of Design. His work is at the intersection of design and the infinite world of art. His studio, based in Stockholm, is driven by a creative approach with the goal of creating sustainable and timeless products. Over the years, he has collaborated with brands such as HAY, Beb\u00f3 Objects, Svenskt Tenn and Mono Light. His projects, such as Raw Industry and Luminary Lollipops, have been exhibited at Cream Objects and Designgalleriet. Enoksson has also been awarded &#8220;Graduate of the Year&#8221; by the British magazine Wallpaper.     <\/span><\/p>\n<p>[\/et_pb_cta][\/et_pb_column][et_pb_column type=&#8221;1_2&#8243; _builder_version=&#8221;4.23.4&#8243; _module_preset=&#8221;default&#8221; global_colors_info=&#8221;{}&#8221;][et_pb_image src=&#8221;https:\/\/stockholmfurniturefair.se\/wp-content\/uploads\/2024\/11\/Daniel-Enoksson_1080x540.jpg&#8221; alt=&#8221;Designer Daniel Enoksson was one of the mentors in our 2025 mentoring program.&#8221; title_text=&#8221;Daniel Enoksson_1080x540&#8243; _builder_version=&#8221;4.27.4&#8243; _module_preset=&#8221;2ff91809-5cb7-41b2-85d5-d2d795ce283c&#8221; global_colors_info=&#8221;{}&#8221;][\/et_pb_image][\/et_pb_column][\/et_pb_row][et_pb_row column_structure=&#8221;1_2,1_2&#8243; make_equal=&#8221;on&#8221; module_class=&#8221;image-text&#8221; _builder_version=&#8221;4.27.4&#8243; _module_preset=&#8221;81c64a6d-4dbf-484b-bf12-393f3b1b21d1&#8243; custom_padding=&#8221;||50px||false|false&#8221; hover_enabled=&#8221;0&#8243; global_colors_info=&#8221;{}&#8221; sticky_enabled=&#8221;0&#8243;][et_pb_column type=&#8221;1_2&#8243; _builder_version=&#8221;4.23.4&#8243; _module_preset=&#8221;default&#8221; global_colors_info=&#8221;{}&#8221;][et_pb_image src=&#8221;https:\/\/stockholmfurniturefair.se\/wp-content\/uploads\/2024\/11\/Helene-Ogeborg_1080x540.jpg&#8221; alt=&#8221;Helene Ogeborg, who runs the design company Ogeborg, was one of the mentors in our 2025 mentoring program.&#8221; title_text=&#8221;Helene Ogeborg_1080x540&#8243; _builder_version=&#8221;4.27.4&#8243; _module_preset=&#8221;2ff91809-5cb7-41b2-85d5-d2d795ce283c&#8221; global_colors_info=&#8221;{}&#8221;][\/et_pb_image][\/et_pb_column][et_pb_column type=&#8221;1_2&#8243; _builder_version=&#8221;4.23.4&#8243; _module_preset=&#8221;default&#8221; global_colors_info=&#8221;{}&#8221;][et_pb_cta title=&#8221;Helene Ogeborg, CEO, Ogeborg &#8221; button_url=&#8221;#&#8221; _builder_version=&#8221;4.27.4&#8243; _module_preset=&#8221;725ea676-8a65-4c26-b56b-09b3e7455556&#8243; custom_padding=&#8221;0px|||||&#8221; hover_enabled=&#8221;0&#8243; global_colors_info=&#8221;{%22gcid-m0fraqv3-qztm-9290-df11-7p07yu2mtcg6%22:%91%22button_text_color%22,%22header_text_color%22,%22body_text_color%22%93,%22gcid-8ctl9olw-qzl0-39sh-h9m4-2r68cuzkve1q%22:%91%22button_border_color%22,%22button_border_color__hover%22%93,%22gcid-zqmeyyr1-ozjs-tdol-t9th-kdmdqxufunhr%22:%91%22button_border_color%22,%22button_bg_color%22%93,%22gcid-xe7ua1bg-8o1q-uq3m-f8ql-qk12tgltkuk4%22:%91%22button_border_color__hover%22,%22button_bg_color__hover%22,%22button_border_color__hover%22,%22button_bg_color__hover%22%93}&#8221; button_bg_color__hover_enabled=&#8221;on|desktop&#8221; button_bg_color__hover=&#8221;#659c82&#8243; sticky_enabled=&#8221;0&#8243;]<\/p>\n<p><a href=\"https:\/\/zuzazmatek.com\/\" target=\"_blank\" rel=\"noopener\"><span style=\"color: #000000;\">Mentee: Zuzana Zmatekova<\/span><\/a><\/p>\n<p><span style=\"color: #000000;\">Helene Ogeborg has worked in the world of interior design since 1988 and is the second generation to lead <a style=\"color: #000000;\" href=\"https:\/\/www.ogeborg.se\/\" target=\"_blank\" rel=\"noopener\">Ogeborg<\/a>. The family business celebrated its 60th anniversary in 2023, and Helene has shaped the Ogeborg brand over the past 35 years. In addition to her role as CEO, she is a driving force in the company&#8217;s daily operations, where she develops new projects and further develops Ogeborg&#8217;s collection. She has a great interest in color and has been on the board of the Swedish Color Center since 2017. Her education also includes environmental studies, which has been valuable in guiding the company&#8217;s sustainability strategy.    <\/span><\/p>\n<p>&nbsp;<\/p>\n<p>[\/et_pb_cta][\/et_pb_column][\/et_pb_row][et_pb_row column_structure=&#8221;1_2,1_2&#8243; make_equal=&#8221;on&#8221; custom_padding_last_edited=&#8221;on|phone&#8221; module_class=&#8221;reverse-mobile image-text&#8221; _builder_version=&#8221;4.27.4&#8243; _module_preset=&#8221;81c64a6d-4dbf-484b-bf12-393f3b1b21d1&#8243; custom_padding=&#8221;||50px||false|false&#8221; custom_padding_tablet=&#8221;0px||||false|false&#8221; custom_padding_phone=&#8221;0px||||false|false&#8221; hover_enabled=&#8221;0&#8243; global_colors_info=&#8221;{}&#8221; sticky_enabled=&#8221;0&#8243;][et_pb_column type=&#8221;1_2&#8243; _builder_version=&#8221;4.23.4&#8243; _module_preset=&#8221;default&#8221; global_colors_info=&#8221;{}&#8221;][et_pb_cta title=&#8221;Jonas Wagell, designer and founder, JWDA&#8221; button_url=&#8221;#&#8221; module_class=&#8221;image-text&#8221; _builder_version=&#8221;4.27.4&#8243; _module_preset=&#8221;725ea676-8a65-4c26-b56b-09b3e7455556&#8243; hover_enabled=&#8221;0&#8243; locked=&#8221;off&#8221; global_colors_info=&#8221;{%22gcid-zqmeyyr1-ozjs-tdol-t9th-kdmdqxufunhr%22:%91%22button_bg_color%22,%22button_border_color%22%93,%22gcid-8ctl9olw-qzl0-39sh-h9m4-2r68cuzkve1q%22:%91%22button_bg_color%22,%22button_border_color__hover%22%93,%22gcid-xe7ua1bg-8o1q-uq3m-f8ql-qk12tgltkuk4%22:%91%22button_border_color__hover%22,%22button_bg_color__hover%22%93,%22gcid-m0fraqv3-qztm-9290-df11-7p07yu2mtcg6%22:%91%22button_text_color%22,%22button_text_color%22%93}&#8221; sticky_enabled=&#8221;0&#8243;]<\/p>\n<p><span style=\"color: #000000;\"><a style=\"color: #000000;\" href=\"https:\/\/www.instagram.com\/tok.studio\/#\" target=\"_blank\" rel=\"noopener\">Mentee: Tok Studio<\/a><\/span><\/p>\n<p><span style=\"color: #000000;\"><a style=\"color: #000000;\" href=\"https:\/\/jonaswagell.se\/\" target=\"_blank\" rel=\"noopener\">Jonas Wagell<\/a> became interested in product design while studying graphics, printing and typography in his twenties. Since then, he has developed a design language that is both simple and expressive. His most famous works include the curvy Julep sofa for Tacchini and the best-selling JWDA lamps for Audo Copenhagen, as well as several recently launched furniture collections for Wendelbo. Wagell&#8217;s designs are characterized by soft, inviting forms that balance the modern with the timeless.   <\/span><\/p>\n<p>[\/et_pb_cta][\/et_pb_column][et_pb_column type=&#8221;1_2&#8243; _builder_version=&#8221;4.23.4&#8243; _module_preset=&#8221;default&#8221; global_colors_info=&#8221;{}&#8221;][et_pb_image src=&#8221;https:\/\/stockholmfurniturefair.se\/wp-content\/uploads\/2024\/11\/Jonas-Wagell_1080x540.jpg&#8221; alt=&#8221;Designer Jonas Wagell was one of the mentors in our 2025 mentoring program.&#8221; title_text=&#8221;Jonas Wagell_1080x540&#8243; _builder_version=&#8221;4.27.4&#8243; _module_preset=&#8221;2ff91809-5cb7-41b2-85d5-d2d795ce283c&#8221; global_colors_info=&#8221;{}&#8221;][\/et_pb_image][\/et_pb_column][\/et_pb_row][et_pb_row column_structure=&#8221;1_2,1_2&#8243; make_equal=&#8221;on&#8221; module_class=&#8221;image-text&#8221; _builder_version=&#8221;4.27.4&#8243; _module_preset=&#8221;81c64a6d-4dbf-484b-bf12-393f3b1b21d1&#8243; hover_enabled=&#8221;0&#8243; global_colors_info=&#8221;{}&#8221; sticky_enabled=&#8221;0&#8243;][et_pb_column type=&#8221;1_2&#8243; _builder_version=&#8221;4.23.4&#8243; _module_preset=&#8221;default&#8221; global_colors_info=&#8221;{}&#8221;][et_pb_image src=&#8221;https:\/\/stockholmfurniturefair.se\/wp-content\/uploads\/2024\/11\/Simon-Anund_1080x540.jpg&#8221; alt=&#8221;Simon Anund, co-founder of the design studio Verk, was one of the mentors in our 2025 mentoring program.&#8221; title_text=&#8221;Simon Anund_1080x540&#8243; _builder_version=&#8221;4.27.4&#8243; _module_preset=&#8221;2ff91809-5cb7-41b2-85d5-d2d795ce283c&#8221; custom_margin=&#8221;-19px|||||&#8221; global_colors_info=&#8221;{}&#8221;][\/et_pb_image][\/et_pb_column][et_pb_column type=&#8221;1_2&#8243; _builder_version=&#8221;4.23.4&#8243; _module_preset=&#8221;default&#8221; global_colors_info=&#8221;{}&#8221;][et_pb_cta title=&#8221;Simon Anund, designer and creative director, VERK &#8221; button_url=&#8221;#&#8221; _builder_version=&#8221;4.27.4&#8243; _module_preset=&#8221;725ea676-8a65-4c26-b56b-09b3e7455556&#8243; custom_padding=&#8221;0px|||||&#8221; hover_enabled=&#8221;0&#8243; global_colors_info=&#8221;{%22gcid-m0fraqv3-qztm-9290-df11-7p07yu2mtcg6%22:%91%22button_text_color%22,%22header_text_color%22,%22body_text_color%22%93,%22gcid-8ctl9olw-qzl0-39sh-h9m4-2r68cuzkve1q%22:%91%22button_border_color%22,%22button_border_color__hover%22%93,%22gcid-zqmeyyr1-ozjs-tdol-t9th-kdmdqxufunhr%22:%91%22button_border_color%22,%22button_bg_color%22%93,%22gcid-xe7ua1bg-8o1q-uq3m-f8ql-qk12tgltkuk4%22:%91%22button_border_color__hover%22,%22button_bg_color__hover%22,%22button_border_color__hover%22,%22button_bg_color__hover%22%93}&#8221; button_bg_color__hover_enabled=&#8221;on|desktop&#8221; button_bg_color__hover=&#8221;#659c82&#8243; sticky_enabled=&#8221;0&#8243;]<\/p>\n<p><a href=\"https:\/\/www.instagram.com\/studiolehn\/\" target=\"_blank\" rel=\"noopener\"><span style=\"color: #000000;\">Mentee: Studio Lehn<\/span><\/a><\/p>\n<p><span style=\"color: #000000;\">Simon Anund is a designer and artist represented by Berg Gallery. Between 2009 and 2019 he taught furniture design and interior architecture at Konstfack. He is one of the founders of the furniture company <a style=\"color: #000000;\" href=\"https:\/\/verk.se\/sv\/\" target=\"_blank\" rel=\"noopener\">VERK<\/a>, which aims to produce high-quality furniture, designed by skilled designers and made in Sweden with Swedish raw materials, in pursuit of the most sustainable production methods. VERK grew out of years of conversations about the need for more conscious furniture production at a time when new production often feels unnecessary and climate-impacting.   <\/span><\/p>\n<p>Photo by Lina Jushke<\/p>\n<p>&nbsp;<\/p>\n<p>[\/et_pb_cta][\/et_pb_column][\/et_pb_row][\/et_pb_section]<\/p>\n","protected":false},"excerpt":{"rendered":"<p>Greenhouse MentorshipMentors 2025The Greenhouse Mentorship offers a unique opportunity to develop with the help of a mentor with many years of experience in the industry. The independent designers exhibiting in [&hellip;]<\/p>\n","protected":false},"author":6,"featured_media":0,"parent":0,"menu_order":0,"comment_status":"closed","ping_status":"closed","template":"","meta":{"_et_pb_use_builder":"on","_et_pb_old_content":"","_et_gb_content_width":"","footnotes":""},"hf_cat_page":[],"class_list":["post-3318910","page","type-page","status-publish","hentry"],"_links":{"self":[{"href":"https:\/\/stockholmfurniturefair.se\/en\/wp-json\/wp\/v2\/pages\/3318910","targetHints":{"allow":["GET"]}}],"collection":[{"href":"https:\/\/stockholmfurniturefair.se\/en\/wp-json\/wp\/v2\/pages"}],"about":[{"href":"https:\/\/stockholmfurniturefair.se\/en\/wp-json\/wp\/v2\/types\/page"}],"author":[{"embeddable":true,"href":"https:\/\/stockholmfurniturefair.se\/en\/wp-json\/wp\/v2\/users\/6"}],"replies":[{"embeddable":true,"href":"https:\/\/stockholmfurniturefair.se\/en\/wp-json\/wp\/v2\/comments?post=3318910"}],"version-history":[{"count":6,"href":"https:\/\/stockholmfurniturefair.se\/en\/wp-json\/wp\/v2\/pages\/3318910\/revisions"}],"predecessor-version":[{"id":3329901,"href":"https:\/\/stockholmfurniturefair.se\/en\/wp-json\/wp\/v2\/pages\/3318910\/revisions\/3329901"}],"wp:attachment":[{"href":"https:\/\/stockholmfurniturefair.se\/en\/wp-json\/wp\/v2\/media?parent=3318910"}],"wp:term":[{"taxonomy":"hf_cat_page","embeddable":true,"href":"https:\/\/stockholmfurniturefair.se\/en\/wp-json\/wp\/v2\/hf_cat_page?post=3318910"}],"curies":[{"name":"wp","href":"https:\/\/api.w.org\/{rel}","templated":true}]}}