{"id":3318195,"date":"2024-04-09T12:08:49","date_gmt":"2024-04-09T10:08:49","guid":{"rendered":"https:\/\/dev.stockholmfurniturefair.se\/confirmed-exhibitors\/"},"modified":"2026-03-09T15:10:54","modified_gmt":"2026-03-09T14:10:54","slug":"confirmed-exhibitors","status":"publish","type":"page","link":"https:\/\/stockholmfurniturefair.se\/en\/for-exhibitors\/confirmed-exhibitors\/","title":{"rendered":"Confirmed exhibitor"},"content":{"rendered":"<p>[et_pb_section fb_built=&#8221;1&#8243; _builder_version=&#8221;4.27.4&#8243; _module_preset=&#8221;7657aeb9-3fe8-4566-8fd5-4a0f6528452f&#8221; background_color=&#8221;#D8D1BE&#8221; use_background_color_gradient=&#8221;on&#8221; background_color_gradient_stops=&#8221;rgba(0,0,0,0) 30%|rgba(0,0,0,0.9) 100%&#8221; background_color_gradient_overlays_image=&#8221;on&#8221; background_image=&#8221;https:\/\/stockholmfurniturefair.se\/wp-content\/uploads\/2024\/04\/FF24_lores-9-scaled.jpg&#8221; parallax=&#8221;on&#8221; global_colors_info=&#8221;{}&#8221; custom_days_label_text=&#8221;Days&#8221; custom_hours_label_text=&#8221;Hours&#8221; custom_minutes_label_text=&#8221;Minutes&#8221; custom_seconds_label_text=&#8221;Seconds&#8221;][et_pb_row _builder_version=&#8221;4.27.4&#8243; _module_preset=&#8221;b17654ae-d498-4aa3-9e83-3a39eebcf665&#8243; background_color=&#8221;RGBA(255,255,255,0)&#8221; locked=&#8221;off&#8221; global_colors_info=&#8221;{}&#8221; custom_days_label_text=&#8221;Days&#8221; custom_hours_label_text=&#8221;Hours&#8221; custom_minutes_label_text=&#8221;Minutes&#8221; custom_seconds_label_text=&#8221;Seconds&#8221;][et_pb_column type=&#8221;4_4&#8243; _builder_version=&#8221;4.24.0&#8243; _module_preset=&#8221;default&#8221; global_colors_info=&#8221;{}&#8221; custom_days_label_text=&#8221;Days&#8221; custom_hours_label_text=&#8221;Hours&#8221; custom_minutes_label_text=&#8221;Minutes&#8221; custom_seconds_label_text=&#8221;Seconds&#8221;][et_pb_cta title=&#8221;Confirmed exhibitor&#8221; button_url=&#8221;#&#8221; _builder_version=&#8221;4.27.4&#8243; _module_preset=&#8221;b49c26ec-87fc-46e9-8f23-11e59fc89f81&#8243; global_colors_info=&#8221;{%22gcid-m0fraqv3-qztm-9290-df11-7p07yu2mtcg6%22:%91%22header_text_color%22,%22button_bg_color%22,%22button_border_color%22,%22button_text_color%22,%22header_text_color%22,%22button_bg_color%22,%22button_border_color%22,%22button_text_color%22,%22header_text_color%22,%22button_bg_color%22,%22button_border_color%22,%22button_text_color%22,%22header_text_color%22,%22button_bg_color%22,%22button_border_color%22,%22button_text_color%22,%22header_text_color%22,%22button_bg_color%22,%22button_text_color%22,%22header_text_color%22,%22button_bg_color%22,%22button_text_color%22,%22header_text_color%22,%22button_bg_color%22,%22button_text_color%22,%22header_text_color%22,%22button_bg_color%22,%22button_text_color%22,%22header_text_color%22,%22button_bg_color%22,%22button_text_color%22,%22header_text_color%22,%22button_bg_color%22,%22button_text_color%22,%22button_bg_color%22,%22button_text_color%22%93,%22gcid-8ctl9olw-qzl0-39sh-h9m4-2r68cuzkve1q%22:%91%22button_bg_color%22,%22button_border_color%22,%22button_bg_color%22,%22button_border_color%22,%22button_bg_color%22,%22button_border_color%22,%22button_bg_color%22,%22button_border_color%22%93,%22gcid-zqmeyyr1-ozjs-tdol-t9th-kdmdqxufunhr%22:%91%22button_border_color%22,%22button_bg_color%22,%22button_border_color%22,%22button_bg_color%22,%22button_border_color%22,%22button_bg_color%22,%22button_border_color%22,%22button_bg_color%22,%22button_bg_color%22%93,%22gcid-xe7ua1bg-8o1q-uq3m-f8ql-qk12tgltkuk4%22:%91%22button_border_color__hover%22,%22button_bg_color__hover%22%93}&#8221; custom_days_label_text=&#8221;Days&#8221; custom_hours_label_text=&#8221;Hours&#8221; custom_minutes_label_text=&#8221;Minutes&#8221; custom_seconds_label_text=&#8221;Seconds&#8221;][\/et_pb_cta][\/et_pb_column][\/et_pb_row][\/et_pb_section][et_pb_section fb_built=&#8221;1&#8243; admin_label=&#8221;Text 50\/50&#8243; _builder_version=&#8221;4.27.4&#8243; _module_preset=&#8221;686d69ca-81b0-465e-8be3-dd94e208ba19&#8243; background_color=&#8221;#D8D1BE&#8221; global_colors_info=&#8221;{}&#8221; custom_days_label_text=&#8221;Days&#8221; custom_hours_label_text=&#8221;Hours&#8221; custom_minutes_label_text=&#8221;Minutes&#8221; custom_seconds_label_text=&#8221;Seconds&#8221;][et_pb_row column_structure=&#8221;3_5,2_5&#8243; custom_padding_last_edited=&#8221;on|phone&#8221; _builder_version=&#8221;4.27.4&#8243; _module_preset=&#8221;81c64a6d-4dbf-484b-bf12-393f3b1b21d1&#8243; custom_margin=&#8221;||||false|false&#8221; custom_padding_tablet=&#8221;20px||||false|false&#8221; custom_padding_phone=&#8221;20px||||false|false&#8221; locked=&#8221;off&#8221; global_colors_info=&#8221;{}&#8221; custom_days_label_text=&#8221;Days&#8221; custom_hours_label_text=&#8221;Hours&#8221; custom_minutes_label_text=&#8221;Minutes&#8221; custom_seconds_label_text=&#8221;Seconds&#8221;][et_pb_column type=&#8221;3_5&#8243; _builder_version=&#8221;4.23.4&#8243; _module_preset=&#8221;default&#8221; global_colors_info=&#8221;{}&#8221; custom_days_label_text=&#8221;Days&#8221; custom_hours_label_text=&#8221;Hours&#8221; custom_minutes_label_text=&#8221;Minutes&#8221; custom_seconds_label_text=&#8221;Seconds&#8221;][et_pb_text _builder_version=&#8221;4.27.4&#8243; _module_preset=&#8221;a5d5bc01-ce08-4ce9-9a95-2756fd6ebb18&#8243; global_colors_info=&#8221;{}&#8221; custom_days_label_text=&#8221;Days&#8221; custom_hours_label_text=&#8221;Hours&#8221; custom_minutes_label_text=&#8221;Minutes&#8221; custom_seconds_label_text=&#8221;Seconds&#8221;]<\/p>\n<h3><span style=\"color: #000000;\">In the exhibitor portal you will find all the information you need for your participation at Stockholm Furniture Fair. Log in to access personalized information, explore and book products and services, and enjoy a customized to-do list. The exhibitor list is one of our most visited pages \u2014 and one of the best ways to get noticed. Make sure you stand out among other exhibitors by updating your profile directly in the exhibitor portal.<\/span><\/h3>\n<p>[\/et_pb_text][\/et_pb_column][et_pb_column type=&#8221;2_5&#8243; _builder_version=&#8221;4.24.2&#8243; _module_preset=&#8221;default&#8221; link_option_url=&#8221;https:\/\/exhibitors.stockholmsmassan.se\/?site=stockholmfurniturefair#&#8221; global_colors_info=&#8221;{}&#8221; custom_days_label_text=&#8221;Days&#8221; custom_hours_label_text=&#8221;Hours&#8221; custom_minutes_label_text=&#8221;Minutes&#8221; custom_seconds_label_text=&#8221;Seconds&#8221;][et_pb_text _builder_version=&#8221;4.27.4&#8243; _module_preset=&#8221;a5d5bc01-ce08-4ce9-9a95-2756fd6ebb18&#8243; custom_margin=&#8221;||0px||false|false&#8221; custom_margin_tablet=&#8221;||0px||false|false&#8221; custom_margin_phone=&#8221;||0px||false|false&#8221; custom_margin_last_edited=&#8221;on|desktop&#8221; link_option_url=&#8221;https:\/\/exhibitors.stockholmsmassan.se\/?site=stockholmfurniturefair#&#8221; global_colors_info=&#8221;{}&#8221; custom_days_label_text=&#8221;Days&#8221; custom_hours_label_text=&#8221;Hours&#8221; custom_minutes_label_text=&#8221;Minutes&#8221; custom_seconds_label_text=&#8221;Seconds&#8221;]<\/p>\n<h2><span style=\"color: #000000;\">To the exhibitor portal \u2192<\/span><\/h2>\n<p>[\/et_pb_text][\/et_pb_column][\/et_pb_row][et_pb_row column_structure=&#8221;2_5,3_5&#8243; custom_padding_last_edited=&#8221;on|phone&#8221; _builder_version=&#8221;4.27.4&#8243; _module_preset=&#8221;81c64a6d-4dbf-484b-bf12-393f3b1b21d1&#8243; custom_margin=&#8221;||||false|false&#8221; custom_padding=&#8221;100px||||false|false&#8221; custom_padding_tablet=&#8221;20px||||false|false&#8221; custom_padding_phone=&#8221;20px||||false|false&#8221; locked=&#8221;off&#8221; global_colors_info=&#8221;{}&#8221; custom_days_label_text=&#8221;Days&#8221; custom_hours_label_text=&#8221;Hours&#8221; custom_minutes_label_text=&#8221;Minutes&#8221; custom_seconds_label_text=&#8221;Seconds&#8221;][et_pb_column type=&#8221;2_5&#8243; _builder_version=&#8221;4.23.4&#8243; _module_preset=&#8221;default&#8221; global_colors_info=&#8221;{}&#8221; custom_days_label_text=&#8221;Days&#8221; custom_hours_label_text=&#8221;Hours&#8221; custom_minutes_label_text=&#8221;Minutes&#8221; custom_seconds_label_text=&#8221;Seconds&#8221;][et_pb_text _builder_version=&#8221;4.27.4&#8243; _module_preset=&#8221;a5d5bc01-ce08-4ce9-9a95-2756fd6ebb18&#8243; custom_margin=&#8221;||0px||false|false&#8221; custom_margin_tablet=&#8221;||0px||false|false&#8221; custom_margin_phone=&#8221;||0px||false|false&#8221; custom_margin_last_edited=&#8221;on|desktop&#8221; global_colors_info=&#8221;{}&#8221; custom_days_label_text=&#8221;Days&#8221; custom_hours_label_text=&#8221;Hours&#8221; custom_minutes_label_text=&#8221;Minutes&#8221; custom_seconds_label_text=&#8221;Seconds&#8221;]<\/p>\n<h3 style=\"text-align: left;\"><span style=\"color: #000000;\">Do you want to book our products and services for your stand? <\/span><span style=\"text-decoration: underline;\"><a href=\"mailto:eventservice@stockholmsmassan.se\">Click here to contact Eventservice<\/a><\/span>.<\/h3>\n<p>[\/et_pb_text][\/et_pb_column][et_pb_column type=&#8221;3_5&#8243; _builder_version=&#8221;4.23.4&#8243; _module_preset=&#8221;default&#8221; global_colors_info=&#8221;{}&#8221; custom_days_label_text=&#8221;Days&#8221; custom_hours_label_text=&#8221;Hours&#8221; custom_minutes_label_text=&#8221;Minutes&#8221; custom_seconds_label_text=&#8221;Seconds&#8221;][\/et_pb_column][\/et_pb_row][et_pb_row column_structure=&#8221;1_2,1_2&#8243; _builder_version=&#8221;4.27.4&#8243; _module_preset=&#8221;81c64a6d-4dbf-484b-bf12-393f3b1b21d1&#8243; custom_padding=&#8221;70px||0px||false|false&#8221; locked=&#8221;off&#8221; custom_days_label_text=&#8221;Days&#8221; custom_hours_label_text=&#8221;Hours&#8221; custom_minutes_label_text=&#8221;Minutes&#8221; custom_seconds_label_text=&#8221;Seconds&#8221;][et_pb_column type=&#8221;1_2&#8243; _builder_version=&#8221;4.27.4&#8243; _module_preset=&#8221;default&#8221; global_colors_info=&#8221;{}&#8221; custom_days_label_text=&#8221;Days&#8221; custom_hours_label_text=&#8221;Hours&#8221; custom_minutes_label_text=&#8221;Minutes&#8221; custom_seconds_label_text=&#8221;Seconds&#8221;][et_pb_image src=&#8221;https:\/\/stockholmfurniturefair.se\/wp-content\/uploads\/2025\/01\/Stor-puff-2.png&#8221; alt=&#8221;Visitors talking to each other at W\u00e4stberg&#8217;s stand.&#8221; title_text=&#8221;Big puff&#8221; _builder_version=&#8221;4.27.4&#8243; _module_preset=&#8221;default&#8221; global_colors_info=&#8221;{}&#8221; custom_days_label_text=&#8221;Days&#8221; custom_hours_label_text=&#8221;Hours&#8221; custom_minutes_label_text=&#8221;Minutes&#8221; custom_seconds_label_text=&#8221;Seconds&#8221;][\/et_pb_image][et_pb_cta title=&#8221;Architect and buyer programme&#8221; button_text=&#8221;click&#8221; _builder_version=&#8221;4.27.4&#8243; _module_preset=&#8221;d1a0e565-51d5-48aa-9ab5-4520e91350e1&#8243; global_colors_info=&#8221;{}&#8221; custom_days_label_text=&#8221;Days&#8221; custom_hours_label_text=&#8221;Hours&#8221; custom_minutes_label_text=&#8221;Minutes&#8221; custom_seconds_label_text=&#8221;Seconds&#8221;]<\/p>\n<p><span style=\"color: #000000;\">In collaboration with the Swedish Institute, we\u2019ve expanded our tailored trips for international architects and buyers, hosting over 100 key professionals from countries like the Netherlands, Switzerland, the USA and Japan amongst others. The purpose of the programme is to strengthen connections between Swedish design companies \/ furniture producers and potential international clients.  <\/span><\/p>\n<p>[\/et_pb_cta][\/et_pb_column][et_pb_column type=&#8221;1_2&#8243; _builder_version=&#8221;4.27.4&#8243; _module_preset=&#8221;default&#8221; global_colors_info=&#8221;{}&#8221; custom_days_label_text=&#8221;Days&#8221; custom_hours_label_text=&#8221;Hours&#8221; custom_minutes_label_text=&#8221;Minutes&#8221; custom_seconds_label_text=&#8221;Seconds&#8221;][et_pb_image src=&#8221;https:\/\/stockholmfurniturefair.se\/wp-content\/uploads\/2025\/01\/Stor-puff-1-1.png&#8221; alt=&#8221;Journalists looking at an object in the \u00c4lvsj\u00f6 G\u00e5rd exhibition.&#8221; title_text=&#8221;Large puff-1&#8243; _builder_version=&#8221;4.27.4&#8243; _module_preset=&#8221;default&#8221; global_colors_info=&#8221;{}&#8221; custom_days_label_text=&#8221;Days&#8221; custom_hours_label_text=&#8221;Hours&#8221; custom_minutes_label_text=&#8221;Minutes&#8221; custom_seconds_label_text=&#8221;Seconds&#8221;][\/et_pb_image][et_pb_cta title=&#8221;Press programme&#8221; button_text=&#8221;click&#8221; _builder_version=&#8221;4.27.4&#8243; _module_preset=&#8221;d1a0e565-51d5-48aa-9ab5-4520e91350e1&#8243; global_colors_info=&#8221;{}&#8221; custom_days_label_text=&#8221;Days&#8221; custom_hours_label_text=&#8221;Hours&#8221; custom_minutes_label_text=&#8221;Minutes&#8221; custom_seconds_label_text=&#8221;Seconds&#8221;]<\/p>\n<p><span style=\"color: #000000;\">This year, our group of invited international press include journalists from magazines such as Domus, Interni, Ideat, AD Magazine, Architectural Digest, Architectural Record, OnOffice, Wallpaper*, Yatzer, Hypebeast, Pin-Up Magazine, Elle Decoration, Bo Bedre to name a few. With a focus on the exhibitors, the tours are tailor-made to optimise exposure for the brands. <\/span><\/p>\n<p>[\/et_pb_cta][\/et_pb_column][\/et_pb_row][\/et_pb_section]<\/p>\n","protected":false},"excerpt":{"rendered":"<p>In the exhibitor portal you will find all the information you need for your participation at Stockholm Furniture Fair. Log in to access personalized information, explore and book products and [&hellip;]<\/p>\n","protected":false},"author":6,"featured_media":0,"parent":3318881,"menu_order":0,"comment_status":"closed","ping_status":"closed","template":"","meta":{"_et_pb_use_builder":"on","_et_pb_old_content":"","_et_gb_content_width":"","footnotes":""},"hf_cat_page":[],"class_list":["post-3318195","page","type-page","status-publish","hentry"],"_links":{"self":[{"href":"https:\/\/stockholmfurniturefair.se\/en\/wp-json\/wp\/v2\/pages\/3318195","targetHints":{"allow":["GET"]}}],"collection":[{"href":"https:\/\/stockholmfurniturefair.se\/en\/wp-json\/wp\/v2\/pages"}],"about":[{"href":"https:\/\/stockholmfurniturefair.se\/en\/wp-json\/wp\/v2\/types\/page"}],"author":[{"embeddable":true,"href":"https:\/\/stockholmfurniturefair.se\/en\/wp-json\/wp\/v2\/users\/6"}],"replies":[{"embeddable":true,"href":"https:\/\/stockholmfurniturefair.se\/en\/wp-json\/wp\/v2\/comments?post=3318195"}],"version-history":[{"count":23,"href":"https:\/\/stockholmfurniturefair.se\/en\/wp-json\/wp\/v2\/pages\/3318195\/revisions"}],"predecessor-version":[{"id":3335333,"href":"https:\/\/stockholmfurniturefair.se\/en\/wp-json\/wp\/v2\/pages\/3318195\/revisions\/3335333"}],"up":[{"embeddable":true,"href":"https:\/\/stockholmfurniturefair.se\/en\/wp-json\/wp\/v2\/pages\/3318881"}],"wp:attachment":[{"href":"https:\/\/stockholmfurniturefair.se\/en\/wp-json\/wp\/v2\/media?parent=3318195"}],"wp:term":[{"taxonomy":"hf_cat_page","embeddable":true,"href":"https:\/\/stockholmfurniturefair.se\/en\/wp-json\/wp\/v2\/hf_cat_page?post=3318195"}],"curies":[{"name":"wp","href":"https:\/\/api.w.org\/{rel}","templated":true}]}}