{"id":3317052,"date":"2024-04-17T09:47:41","date_gmt":"2024-04-17T07:47:41","guid":{"rendered":"https:\/\/dev.stockholmfurniturefair.se\/find-here\/"},"modified":"2025-11-14T15:10:56","modified_gmt":"2025-11-14T14:10:56","slug":"find-here","status":"publish","type":"page","link":"https:\/\/stockholmfurniturefair.se\/en\/for-visitors\/before-your-visit\/find-here\/","title":{"rendered":"How to get here"},"content":{"rendered":"<p>[et_pb_section fb_built=&#8221;1&#8243; _builder_version=&#8221;4.27.4&#8243; _module_preset=&#8221;7657aeb9-3fe8-4566-8fd5-4a0f6528452f&#8221; background_enable_color=&#8221;off&#8221; use_background_color_gradient=&#8221;on&#8221; background_color_gradient_stops=&#8221;rgba(0,0,0,0) 30%|rgba(0,0,0,0.9) 100%&#8221; background_color_gradient_overlays_image=&#8221;on&#8221; background_image=&#8221;https:\/\/stockholmfurniturefair.se\/wp-content\/uploads\/2024\/12\/digitala-skyltar_1080x540.jpg&#8221; parallax=&#8221;on&#8221; global_colors_info=&#8221;{}&#8221;][et_pb_row _builder_version=&#8221;4.27.4&#8243; _module_preset=&#8221;b17654ae-d498-4aa3-9e83-3a39eebcf665&#8243; locked=&#8221;off&#8221; global_colors_info=&#8221;{}&#8221;][et_pb_column type=&#8221;4_4&#8243; _builder_version=&#8221;4.24.0&#8243; _module_preset=&#8221;default&#8221; global_colors_info=&#8221;{}&#8221;][et_pb_cta title=&#8221;M\u00e4ssv\u00e4gen 1, \u00c4lvsj\u00f6&#8221; button_url=&#8221;#&#8221; _builder_version=&#8221;4.27.4&#8243; _module_preset=&#8221;b49c26ec-87fc-46e9-8f23-11e59fc89f81&#8243; custom_margin=&#8221;267px|||||&#8221; global_colors_info=&#8221;{%22gcid-m0fraqv3-qztm-9290-df11-7p07yu2mtcg6%22:%91%22header_text_color%22,%22button_bg_color%22,%22button_border_color%22,%22button_text_color%22,%22header_text_color%22,%22button_bg_color%22,%22button_border_color%22,%22button_text_color%22,%22header_text_color%22,%22button_bg_color%22,%22button_border_color%22,%22button_text_color%22,%22header_text_color%22,%22button_bg_color%22,%22button_border_color%22,%22button_text_color%22,%22header_text_color%22,%22button_bg_color%22,%22button_text_color%22,%22header_text_color%22,%22button_bg_color%22,%22button_text_color%22,%22header_text_color%22,%22button_bg_color%22,%22button_text_color%22,%22header_text_color%22,%22button_bg_color%22,%22button_text_color%22,%22header_text_color%22,%22button_bg_color%22,%22button_text_color%22,%22header_text_color%22,%22button_bg_color%22,%22button_text_color%22,%22button_bg_color%22,%22button_text_color%22%93,%22gcid-8ctl9olw-qzl0-39sh-h9m4-2r68cuzkve1q%22:%91%22button_bg_color%22,%22button_border_color%22,%22button_bg_color%22,%22button_border_color%22,%22button_bg_color%22,%22button_border_color%22,%22button_bg_color%22,%22button_border_color%22%93,%22gcid-zqmeyyr1-ozjs-tdol-t9th-kdmdqxufunhr%22:%91%22button_border_color%22,%22button_bg_color%22,%22button_border_color%22,%22button_bg_color%22,%22button_border_color%22,%22button_bg_color%22,%22button_border_color%22,%22button_bg_color%22,%22button_bg_color%22%93,%22gcid-xe7ua1bg-8o1q-uq3m-f8ql-qk12tgltkuk4%22:%91%22button_border_color__hover%22,%22button_bg_color__hover%22%93}&#8221;]<\/p>\n<p>Stockholm Furniture Fair is organized by Stockholmsm\u00e4ssan. At M\u00e4ssv\u00e4gen 1 in \u00c4lvsj\u00f6 you will find one of the world&#8217;s leading meeting places for Scandinavian design.<\/p>\n<p>[\/et_pb_cta][et_pb_text _builder_version=&#8221;4.27.4&#8243; _module_preset=&#8221;6c986d97-41e4-44db-b5f6-2343c1263b2b&#8221; global_colors_info=&#8221;{}&#8221;][\/et_pb_text][et_pb_cta button_url=&#8221;#&#8221; _builder_version=&#8221;4.27.4&#8243; _module_preset=&#8221;b49c26ec-87fc-46e9-8f23-11e59fc89f81&#8243; custom_margin=&#8221;267px|||||&#8221; global_colors_info=&#8221;{%22gcid-m0fraqv3-qztm-9290-df11-7p07yu2mtcg6%22:%91%22header_text_color%22,%22button_bg_color%22,%22button_border_color%22,%22button_text_color%22,%22header_text_color%22,%22button_bg_color%22,%22button_border_color%22,%22button_text_color%22,%22header_text_color%22,%22button_bg_color%22,%22button_border_color%22,%22button_text_color%22,%22header_text_color%22,%22button_bg_color%22,%22button_border_color%22,%22button_text_color%22,%22header_text_color%22,%22button_bg_color%22,%22button_text_color%22,%22header_text_color%22,%22button_bg_color%22,%22button_text_color%22,%22header_text_color%22,%22button_bg_color%22,%22button_text_color%22,%22header_text_color%22,%22button_bg_color%22,%22button_text_color%22,%22header_text_color%22,%22button_bg_color%22,%22button_text_color%22,%22header_text_color%22,%22button_bg_color%22,%22button_text_color%22,%22button_bg_color%22,%22button_text_color%22%93,%22gcid-8ctl9olw-qzl0-39sh-h9m4-2r68cuzkve1q%22:%91%22button_bg_color%22,%22button_border_color%22,%22button_bg_color%22,%22button_border_color%22,%22button_bg_color%22,%22button_border_color%22,%22button_bg_color%22,%22button_border_color%22%93,%22gcid-zqmeyyr1-ozjs-tdol-t9th-kdmdqxufunhr%22:%91%22button_border_color%22,%22button_bg_color%22,%22button_border_color%22,%22button_bg_color%22,%22button_border_color%22,%22button_bg_color%22,%22button_border_color%22,%22button_bg_color%22,%22button_bg_color%22%93,%22gcid-xe7ua1bg-8o1q-uq3m-f8ql-qk12tgltkuk4%22:%91%22button_border_color__hover%22,%22button_bg_color__hover%22%93}&#8221;][\/et_pb_cta][et_pb_cta button_url=&#8221;#&#8221; _builder_version=&#8221;4.27.4&#8243; _module_preset=&#8221;b49c26ec-87fc-46e9-8f23-11e59fc89f81&#8243; custom_margin=&#8221;267px|||||&#8221; global_colors_info=&#8221;{%22gcid-m0fraqv3-qztm-9290-df11-7p07yu2mtcg6%22:%91%22header_text_color%22,%22button_bg_color%22,%22button_border_color%22,%22button_text_color%22,%22header_text_color%22,%22button_bg_color%22,%22button_border_color%22,%22button_text_color%22,%22header_text_color%22,%22button_bg_color%22,%22button_border_color%22,%22button_text_color%22,%22header_text_color%22,%22button_bg_color%22,%22button_border_color%22,%22button_text_color%22,%22header_text_color%22,%22button_bg_color%22,%22button_text_color%22,%22header_text_color%22,%22button_bg_color%22,%22button_text_color%22,%22header_text_color%22,%22button_bg_color%22,%22button_text_color%22,%22header_text_color%22,%22button_bg_color%22,%22button_text_color%22,%22header_text_color%22,%22button_bg_color%22,%22button_text_color%22,%22header_text_color%22,%22button_bg_color%22,%22button_text_color%22,%22button_bg_color%22,%22button_text_color%22%93,%22gcid-8ctl9olw-qzl0-39sh-h9m4-2r68cuzkve1q%22:%91%22button_bg_color%22,%22button_border_color%22,%22button_bg_color%22,%22button_border_color%22,%22button_bg_color%22,%22button_border_color%22,%22button_bg_color%22,%22button_border_color%22%93,%22gcid-zqmeyyr1-ozjs-tdol-t9th-kdmdqxufunhr%22:%91%22button_border_color%22,%22button_bg_color%22,%22button_border_color%22,%22button_bg_color%22,%22button_border_color%22,%22button_bg_color%22,%22button_border_color%22,%22button_bg_color%22,%22button_bg_color%22%93,%22gcid-xe7ua1bg-8o1q-uq3m-f8ql-qk12tgltkuk4%22:%91%22button_border_color__hover%22,%22button_bg_color__hover%22%93}&#8221;][\/et_pb_cta][\/et_pb_column][\/et_pb_row][\/et_pb_section][et_pb_section fb_built=&#8221;1&#8243; _builder_version=&#8221;4.27.4&#8243; _module_preset=&#8221;686d69ca-81b0-465e-8be3-dd94e208ba19&#8243; background_color=&#8221;#D8D1BE&#8221; global_colors_info=&#8221;{}&#8221;][et_pb_row column_structure=&#8221;1_2,1_2&#8243; _builder_version=&#8221;4.27.4&#8243; _module_preset=&#8221;81c64a6d-4dbf-484b-bf12-393f3b1b21d1&#8243; custom_padding=&#8221;||0px||false|false&#8221; global_colors_info=&#8221;{}&#8221;][et_pb_column type=&#8221;1_2&#8243; _builder_version=&#8221;4.24.2&#8243; _module_preset=&#8221;default&#8221; global_colors_info=&#8221;{}&#8221;][et_pb_text _builder_version=&#8221;4.27.4&#8243; _module_preset=&#8221;6c986d97-41e4-44db-b5f6-2343c1263b2b&#8221; global_colors_info=&#8221;{}&#8221;]<\/p>\n<h2><span style=\"color: #ffffff;\">How to get here<\/span><\/h2>\n<p>[\/et_pb_text][\/et_pb_column][et_pb_column type=&#8221;1_2&#8243; _builder_version=&#8221;4.24.2&#8243; _module_preset=&#8221;default&#8221; global_colors_info=&#8221;{}&#8221;][et_pb_text _builder_version=&#8221;4.27.4&#8243; _module_preset=&#8221;default&#8221; text_text_color=&#8221;#012437&#8243; global_colors_info=&#8221;{}&#8221;]<\/p>\n<p><span style=\"color: #000000;\">Stockholm Furniture Fair takes place at <a href=\"https:\/\/stockholmsmassan.se\/\" target=\"_blank\" rel=\"noopener\" style=\"color: #000000; text-decoration: underline;\">Stockholmsm\u00e4ssan<\/a> in \u00c4lvsj\u00f6. Both buses and commuter trains stop at \u00c4lvsj\u00f6 station.  The commuter train takes you from Stockholm City to Stockholmsm\u00e4ssan in ten minutes &#8211; fast and environmentally friendly.<\/span><\/p>\n<p>[\/et_pb_text][\/et_pb_column][\/et_pb_row][\/et_pb_section][et_pb_section fb_built=&#8221;1&#8243; admin_label=&#8221;Bild 1\/2 + Text 1\/2&#8243; _builder_version=&#8221;4.27.4&#8243; _module_preset=&#8221;53730d9e-ed01-4e4a-9dcd-0a8aaa057ed9&#8243; background_color=&#8221;#D8D1BE&#8221; global_colors_info=&#8221;{%22gcid-zqmeyyr1-ozjs-tdol-t9th-kdmdqxufunhr%22:%91%22border_color_right%22,%22border_color_right%22,%22border_color_right%22,%22border_color_right%22,%22border_color_right%22%93}&#8221;][et_pb_row column_structure=&#8221;1_2,1_2&#8243; make_equal=&#8221;on&#8221; module_class=&#8221;image-text&#8221; _builder_version=&#8221;4.27.4&#8243; _module_preset=&#8221;81c64a6d-4dbf-484b-bf12-393f3b1b21d1&#8243; global_colors_info=&#8221;{}&#8221;][et_pb_column type=&#8221;1_2&#8243; _builder_version=&#8221;4.27.4&#8243; _module_preset=&#8221;default&#8221; global_colors_info=&#8221;{}&#8221;][et_pb_image src=&#8221;https:\/\/stockholmfurniturefair.se\/wp-content\/uploads\/2024\/12\/Stor-puff.png&#8221; alt=&#8221;Travel quickly and environmentally friendly between Arlanda Airport and Stockholm City with Arlanda express. Click here to plan your route on the Arlanda express website. &#8221; title_text=&#8221;Big puff&#8221; url=&#8221;https:\/\/www.arlandaexpress.se\/&#8221; url_new_window=&#8221;on&#8221; _builder_version=&#8221;4.27.4&#8243; _module_preset=&#8221;2ff91809-5cb7-41b2-85d5-d2d795ce283c&#8221; global_colors_info=&#8221;{}&#8221;][\/et_pb_image][\/et_pb_column][et_pb_column type=&#8221;1_2&#8243; _builder_version=&#8221;4.24.2&#8243; _module_preset=&#8221;default&#8221; global_colors_info=&#8221;{}&#8221;][et_pb_cta title=&#8221;With Arlanda express&#8221; button_url=&#8221;https:\/\/www.arlandaexpress.se\/&#8221; url_new_window=&#8221;on&#8221; _builder_version=&#8221;4.27.4&#8243; _module_preset=&#8221;725ea676-8a65-4c26-b56b-09b3e7455556&#8243; link_option_url=&#8221;https:\/\/www.arlandaexpress.se\/&#8221; link_option_url_new_window=&#8221;on&#8221; global_colors_info=&#8221;{%22gcid-m0fraqv3-qztm-9290-df11-7p07yu2mtcg6%22:%91%22button_text_color%22,%22header_text_color%22,%22body_text_color%22%93,%22gcid-8ctl9olw-qzl0-39sh-h9m4-2r68cuzkve1q%22:%91%22button_border_color%22,%22button_border_color__hover%22%93,%22gcid-zqmeyyr1-ozjs-tdol-t9th-kdmdqxufunhr%22:%91%22button_border_color%22,%22button_bg_color%22%93,%22gcid-xe7ua1bg-8o1q-uq3m-f8ql-qk12tgltkuk4%22:%91%22button_border_color__hover%22,%22button_bg_color__hover%22,%22button_border_color__hover%22,%22button_bg_color__hover%22%93}&#8221; button_bg_color__hover_enabled=&#8221;on|desktop&#8221; button_bg_color__hover=&#8221;#659c82&#8243;]<\/p>\n<p><span style=\"color: #000000;\">Not only is Arlanda express the fastest way of travelling from Arlanda Airport to Stockholm City. It&#8217;s also a sustainable alternative. The trains are CO2-neutral and 100 percent powered by electricity. As a fair visitor, you get a 20 percent discount on your round-trip ticket. You can find your discount code on your entrance ticket.    <\/span><\/p>\n<h2><span style=\"color: #000000;\">\u2192<\/span><\/h2>\n<p>[\/et_pb_cta][\/et_pb_column][\/et_pb_row][et_pb_row column_structure=&#8221;1_2,1_2&#8243; make_equal=&#8221;on&#8221; custom_padding_last_edited=&#8221;on|phone&#8221; module_class=&#8221;reverse-mobile image-text&#8221; _builder_version=&#8221;4.27.4&#8243; _module_preset=&#8221;81c64a6d-4dbf-484b-bf12-393f3b1b21d1&#8243; custom_padding_tablet=&#8221;0px||||false|false&#8221; custom_padding_phone=&#8221;0px||||false|false&#8221; global_colors_info=&#8221;{}&#8221;][et_pb_column type=&#8221;1_2&#8243; _builder_version=&#8221;4.24.2&#8243; _module_preset=&#8221;default&#8221; link_option_url=&#8221;https:\/\/www.google.com\/maps\/place\/Stockholmsm%C3%A4ssan\/@59.277404,18.0125785,16z\/data=!3m1!4b1!4m6!3m5!1s0x465f770d009c0eff:0xe899f77f8d0edc88!8m2!3d59.277404!4d18.0151534!16s%2Fm%2F02q32bq?entry=ttu&#8221; link_option_url_new_window=&#8221;on&#8221; global_colors_info=&#8221;{}&#8221;][et_pb_cta title=&#8221;With SL (Stockholm local traffic)&#8221; button_url=&#8221;https:\/\/sl.se\/&#8221; url_new_window=&#8221;on&#8221; module_class=&#8221;image-text&#8221; _builder_version=&#8221;4.27.4&#8243; _module_preset=&#8221;725ea676-8a65-4c26-b56b-09b3e7455556&#8243; link_option_url=&#8221;https:\/\/sl.se\/&#8221; link_option_url_new_window=&#8221;on&#8221; locked=&#8221;off&#8221; global_colors_info=&#8221;{%22gcid-zqmeyyr1-ozjs-tdol-t9th-kdmdqxufunhr%22:%91%22button_bg_color%22,%22button_border_color%22%93,%22gcid-8ctl9olw-qzl0-39sh-h9m4-2r68cuzkve1q%22:%91%22button_bg_color%22,%22button_border_color__hover%22%93,%22gcid-xe7ua1bg-8o1q-uq3m-f8ql-qk12tgltkuk4%22:%91%22button_border_color__hover%22,%22button_bg_color__hover%22%93,%22gcid-m0fraqv3-qztm-9290-df11-7p07yu2mtcg6%22:%91%22button_text_color%22,%22button_text_color%22%93}&#8221;]<\/p>\n<p><span style=\"color: #000000;\">The easiest and fastest way to get to Stockholmsm\u00e4ssan is by commuter train. The commuter train from Stockholm City to \u00c4lvsj\u00f6 station departs 8-14 times per hour and takes only 10 minutes. You can also go directly from Arlanda Airport to \u00c4lvsj\u00f6 station, which is right next to Stockholmsm\u00e4ssan. The journey takes 47 minutes.<\/span><\/p>\n<h2><span style=\"color: #000000;\">\u2192<\/span><\/h2>\n<p>[\/et_pb_cta][\/et_pb_column][et_pb_column type=&#8221;1_2&#8243; _builder_version=&#8221;4.24.2&#8243; _module_preset=&#8221;default&#8221; link_option_url=&#8221;https:\/\/www.google.com\/maps\/place\/Stockholmsm%C3%A4ssan\/@59.277404,18.0125785,16z\/data=!3m1!4b1!4m6!3m5!1s0x465f770d009c0eff:0xe899f77f8d0edc88!8m2!3d59.277404!4d18.0151534!16s%2Fm%2F02q32bq?entry=ttu&#8221; link_option_url_new_window=&#8221;on&#8221; global_colors_info=&#8221;{}&#8221;][et_pb_image src=&#8221;https:\/\/stockholmfurniturefair.se\/wp-content\/uploads\/2024\/05\/pendeltag-hitta-till-oss-stockholmsassan-1080x540px-1.jpg&#8221; alt=&#8221;Travel quickly and easily to and from Stockholmsm\u00e4ssan by commuter train. Click here to plan your route on SL&#8217;s website. &#8221; title_text=&#8221;pendeltag-find-us-stockholmsassan-1080x540px-1&#8243; url=&#8221;https:\/\/sl.se\/&#8221; url_new_window=&#8221;on&#8221; _builder_version=&#8221;4.27.4&#8243; _module_preset=&#8221;2ff91809-5cb7-41b2-85d5-d2d795ce283c&#8221; global_colors_info=&#8221;{}&#8221;][\/et_pb_image][\/et_pb_column][\/et_pb_row][et_pb_row column_structure=&#8221;1_2,1_2&#8243; make_equal=&#8221;on&#8221; module_class=&#8221;image-text&#8221; _builder_version=&#8221;4.27.4&#8243; _module_preset=&#8221;81c64a6d-4dbf-484b-bf12-393f3b1b21d1&#8243; global_colors_info=&#8221;{}&#8221;][et_pb_column type=&#8221;1_2&#8243; _builder_version=&#8221;4.27.4&#8243; _module_preset=&#8221;default&#8221; global_colors_info=&#8221;{}&#8221;][et_pb_image src=&#8221;https:\/\/stockholmfurniturefair.se\/wp-content\/uploads\/2024\/05\/1080-540px-hemsida-taxi.jpg&#8221; alt=&#8221;The picture shows taxi recommendations at the entrance on the way out of the fair.&#8221; title_text=&#8221;1080-540px-hemsida-taxi&#8221; _builder_version=&#8221;4.27.4&#8243; _module_preset=&#8221;2ff91809-5cb7-41b2-85d5-d2d795ce283c&#8221; global_colors_info=&#8221;{}&#8221;][\/et_pb_image][\/et_pb_column][et_pb_column type=&#8221;1_2&#8243; _builder_version=&#8221;4.24.2&#8243; _module_preset=&#8221;default&#8221; global_colors_info=&#8221;{}&#8221;][et_pb_cta title=&#8221;Taxi&#8221; _builder_version=&#8221;4.27.4&#8243; _module_preset=&#8221;725ea676-8a65-4c26-b56b-09b3e7455556&#8243; global_colors_info=&#8221;{%22gcid-m0fraqv3-qztm-9290-df11-7p07yu2mtcg6%22:%91%22button_text_color%22,%22header_text_color%22,%22body_text_color%22%93,%22gcid-8ctl9olw-qzl0-39sh-h9m4-2r68cuzkve1q%22:%91%22button_border_color%22,%22button_border_color__hover%22%93,%22gcid-zqmeyyr1-ozjs-tdol-t9th-kdmdqxufunhr%22:%91%22button_border_color%22,%22button_bg_color%22%93,%22gcid-xe7ua1bg-8o1q-uq3m-f8ql-qk12tgltkuk4%22:%91%22button_border_color__hover%22,%22button_bg_color__hover%22,%22button_border_color__hover%22,%22button_bg_color__hover%22%93}&#8221; button_bg_color__hover_enabled=&#8221;on|desktop&#8221; button_bg_color__hover=&#8221;#659c82&#8243;]<\/p>\n<p><span style=\"color: #000000;\">Taxi Stockholm +46 8-15 00 00<\/span><br \/><span style=\"color: #000000;\">Taxi Kurir +46 8-30 00 00<\/span><br \/><span style=\"color: #000000;\">Sverigetaxi +46 20-20 20 20<\/span><br \/><span style=\"color: #000000;\">TopCab +46 8-33 33 33<\/span><\/p>\n<p><span style=\"color: #000000;\">Ask for an estimated price before you decide on a taxi.<\/span><\/p>\n<p>[\/et_pb_cta][\/et_pb_column][\/et_pb_row][et_pb_row column_structure=&#8221;1_2,1_2&#8243; make_equal=&#8221;on&#8221; custom_padding_last_edited=&#8221;on|phone&#8221; module_class=&#8221;reverse-mobile image-text&#8221; _builder_version=&#8221;4.27.4&#8243; _module_preset=&#8221;81c64a6d-4dbf-484b-bf12-393f3b1b21d1&#8243; custom_padding_tablet=&#8221;0px||||false|false&#8221; custom_padding_phone=&#8221;0px||||false|false&#8221; global_colors_info=&#8221;{}&#8221;][et_pb_column type=&#8221;1_2&#8243; _builder_version=&#8221;4.24.2&#8243; _module_preset=&#8221;default&#8221; link_option_url=&#8221;https:\/\/www.google.com\/maps\/place\/Stockholmsm%C3%A4ssan\/@59.277404,18.0125785,16z\/data=!3m1!4b1!4m6!3m5!1s0x465f770d009c0eff:0xe899f77f8d0edc88!8m2!3d59.277404!4d18.0151534!16s%2Fm%2F02q32bq?entry=ttu&#8221; link_option_url_new_window=&#8221;on&#8221; global_colors_info=&#8221;{}&#8221;][et_pb_cta title=&#8221;By car&#8221; button_url=&#8221;https:\/\/www.google.com\/maps\/place\/Stockholmsm%C3%A4ssan\/@59.277404,18.0125785,16z\/data=!3m1!4b1!4m6!3m5!1s0x465f770d009c0eff:0xe899f77f8d0edc88!8m2!3d59.277404!4d18.0151534!16s%2Fm%2F02q32bq?entry=ttu&#8221; url_new_window=&#8221;on&#8221; module_class=&#8221;image-text&#8221; _builder_version=&#8221;4.27.4&#8243; _module_preset=&#8221;725ea676-8a65-4c26-b56b-09b3e7455556&#8243; link_option_url=&#8221;https:\/\/www.google.com\/maps\/place\/Stockholmsm%C3%A4ssan\/@59.277404,18.0125785,16z\/data=!3m1!4b1!4m6!3m5!1s0x465f770d009c0eff:0xe899f77f8d0edc88!8m2!3d59.277404!4d18.0151534!16s%2Fm%2F02q32bq?entry=ttu&#8221; link_option_url_new_window=&#8221;on&#8221; locked=&#8221;off&#8221; global_colors_info=&#8221;{%22gcid-zqmeyyr1-ozjs-tdol-t9th-kdmdqxufunhr%22:%91%22button_bg_color%22,%22button_border_color%22%93,%22gcid-8ctl9olw-qzl0-39sh-h9m4-2r68cuzkve1q%22:%91%22button_bg_color%22,%22button_border_color__hover%22%93,%22gcid-xe7ua1bg-8o1q-uq3m-f8ql-qk12tgltkuk4%22:%91%22button_border_color__hover%22,%22button_bg_color__hover%22%93,%22gcid-m0fraqv3-qztm-9290-df11-7p07yu2mtcg6%22:%91%22button_text_color%22,%22button_text_color%22%93}&#8221;]<\/p>\n<p><span style=\"color: #000000;\">The easiest way is to take the E4\/E20 and follow the signs to Stockholmsm\u00e4ssan\/\u00c4lvsj\u00f6. Open Google Maps here.<\/span><\/p>\n<h2><span style=\"color: #000000;\">\u2192<\/span><\/h2>\n<p>[\/et_pb_cta][\/et_pb_column][et_pb_column type=&#8221;1_2&#8243; _builder_version=&#8221;4.24.2&#8243; _module_preset=&#8221;default&#8221; link_option_url=&#8221;https:\/\/www.google.com\/maps\/place\/Stockholmsm%C3%A4ssan\/@59.277404,18.0125785,16z\/data=!3m1!4b1!4m6!3m5!1s0x465f770d009c0eff:0xe899f77f8d0edc88!8m2!3d59.277404!4d18.0151534!16s%2Fm%2F02q32bq?entry=ttu&#8221; link_option_url_new_window=&#8221;on&#8221; global_colors_info=&#8221;{}&#8221;][et_pb_image src=&#8221;https:\/\/stockholmfurniturefair.se\/wp-content\/uploads\/2024\/09\/Trekanten_dronarbild-huddingevagen2-1.jpg&#8221; alt=&#8221;By car to Stockholmsm\u00e4ssan. Click here to plan your route with Google Maps. &#8221; title_text=&#8221;Trekanten_dronarbild-huddingevagen2-1&#8243; url=&#8221;https:\/\/www.google.com\/maps\/place\/Stockholmsm%C3%A4ssan\/@59.277404,18.0125785,16z\/data=!3m1!4b1!4m6!3m5!1s0x465f770d009c0eff:0xe899f77f8d0edc88!8m2!3d59.277404!4d18.0151534!16s%2Fm%2F02q32bq?entry=ttu&#8221; url_new_window=&#8221;on&#8221; _builder_version=&#8221;4.27.4&#8243; _module_preset=&#8221;2ff91809-5cb7-41b2-85d5-d2d795ce283c&#8221; global_colors_info=&#8221;{}&#8221;][\/et_pb_image][\/et_pb_column][\/et_pb_row][et_pb_row column_structure=&#8221;1_2,1_2&#8243; make_equal=&#8221;on&#8221; module_class=&#8221;image-text&#8221; _builder_version=&#8221;4.27.4&#8243; _module_preset=&#8221;81c64a6d-4dbf-484b-bf12-393f3b1b21d1&#8243; global_colors_info=&#8221;{}&#8221;][et_pb_column type=&#8221;1_2&#8243; _builder_version=&#8221;4.24.2&#8243; _dynamic_attributes=&#8221;link_option_url&#8221; _module_preset=&#8221;default&#8221; link_option_url=&#8221;@ET-DC@eyJkeW5hbWljIjp0cnVlLCJjb250ZW50IjoicG9zdF9saW5rX3VybF9wYWdlIiwic2V0dGluZ3MiOnsicG9zdF9pZCI6IjMzMTYzOTYiLCJlbmFibGVfaHRtbCI6Im9mZiJ9fQ==@&#8221; global_colors_info=&#8221;{}&#8221;][et_pb_image src=&#8221;https:\/\/stockholmfurniturefair.se\/wp-content\/uploads\/2025\/08\/Puff-webb-2.png&#8221; alt=&#8221;At Stockholmsm\u00e4ssan you will find 3000 parking spaces. Click here to find out more. &#8221; title_text=&#8221;Tickets and opening hours&#8221; url=&#8221;@ET-DC@eyJkeW5hbWljIjp0cnVlLCJjb250ZW50IjoicG9zdF9saW5rX3VybF9wYWdlIiwic2V0dGluZ3MiOnsicG9zdF9pZCI6IjMzMTYzOTYiLCJlbmFibGVfaHRtbCI6Im9mZiJ9fQ==@&#8221; _builder_version=&#8221;4.27.4&#8243; _dynamic_attributes=&#8221;url&#8221; _module_preset=&#8221;2ff91809-5cb7-41b2-85d5-d2d795ce283c&#8221; global_colors_info=&#8221;{}&#8221;][\/et_pb_image][\/et_pb_column][et_pb_column type=&#8221;1_2&#8243; _builder_version=&#8221;4.24.2&#8243; _dynamic_attributes=&#8221;link_option_url&#8221; _module_preset=&#8221;default&#8221; link_option_url=&#8221;@ET-DC@eyJkeW5hbWljIjp0cnVlLCJjb250ZW50IjoicG9zdF9saW5rX3VybF9wYWdlIiwic2V0dGluZ3MiOnsicG9zdF9pZCI6IjMzMTYzOTYiLCJlbmFibGVfaHRtbCI6Im9mZiJ9fQ==@&#8221; global_colors_info=&#8221;{}&#8221;][et_pb_cta title=&#8221;Parking&#8221; button_url=&#8221;@ET-DC@eyJkeW5hbWljIjp0cnVlLCJjb250ZW50IjoicG9zdF9saW5rX3VybF9wYWdlIiwic2V0dGluZ3MiOnsicG9zdF9pZCI6IjMzMTYzOTYiLCJlbmFibGVfaHRtbCI6Im9mZiJ9fQ==@&#8221; _builder_version=&#8221;4.27.4&#8243; _dynamic_attributes=&#8221;button_url,link_option_url&#8221; _module_preset=&#8221;725ea676-8a65-4c26-b56b-09b3e7455556&#8243; link_option_url=&#8221;@ET-DC@eyJkeW5hbWljIjp0cnVlLCJjb250ZW50IjoicG9zdF9saW5rX3VybF9wYWdlIiwic2V0dGluZ3MiOnsicG9zdF9pZCI6IjMzMTYzOTYiLCJlbmFibGVfaHRtbCI6Im9mZiJ9fQ==@&#8221; global_colors_info=&#8221;{%22gcid-m0fraqv3-qztm-9290-df11-7p07yu2mtcg6%22:%91%22button_text_color%22,%22header_text_color%22,%22body_text_color%22%93,%22gcid-8ctl9olw-qzl0-39sh-h9m4-2r68cuzkve1q%22:%91%22button_border_color%22,%22button_border_color__hover%22%93,%22gcid-zqmeyyr1-ozjs-tdol-t9th-kdmdqxufunhr%22:%91%22button_border_color%22,%22button_bg_color%22%93,%22gcid-xe7ua1bg-8o1q-uq3m-f8ql-qk12tgltkuk4%22:%91%22button_border_color__hover%22,%22button_bg_color__hover%22,%22button_border_color__hover%22,%22button_bg_color__hover%22%93}&#8221; button_bg_color__hover_enabled=&#8221;on|desktop&#8221; button_bg_color__hover=&#8221;#659c82&#8243;]<\/p>\n<p><span style=\"color: #000000;\">If you come by car to Stockholmsm\u00e4ssan, we have almost 3,000 parking spaces to choose from. You can park in our own garage or in open parking lots around the fair.<\/span><\/p>\n<h2><span style=\"color: #000000;\">\u2192<\/span><\/h2>\n<p>[\/et_pb_cta][\/et_pb_column][\/et_pb_row][\/et_pb_section]<\/p>\n","protected":false},"excerpt":{"rendered":"<p>Stockholm Furniture Fair is organized by Stockholmsm\u00e4ssan. At M\u00e4ssv\u00e4gen 1 in \u00c4lvsj\u00f6 you will find one of the world&#8217;s leading meeting places for Scandinavian design.How to get hereStockholm Furniture Fair [&hellip;]<\/p>\n","protected":false},"author":6,"featured_media":0,"parent":3317037,"menu_order":0,"comment_status":"closed","ping_status":"closed","template":"","meta":{"_et_pb_use_builder":"on","_et_pb_old_content":"","_et_gb_content_width":"","footnotes":""},"hf_cat_page":[],"class_list":["post-3317052","page","type-page","status-publish","hentry"],"_links":{"self":[{"href":"https:\/\/stockholmfurniturefair.se\/en\/wp-json\/wp\/v2\/pages\/3317052","targetHints":{"allow":["GET"]}}],"collection":[{"href":"https:\/\/stockholmfurniturefair.se\/en\/wp-json\/wp\/v2\/pages"}],"about":[{"href":"https:\/\/stockholmfurniturefair.se\/en\/wp-json\/wp\/v2\/types\/page"}],"author":[{"embeddable":true,"href":"https:\/\/stockholmfurniturefair.se\/en\/wp-json\/wp\/v2\/users\/6"}],"replies":[{"embeddable":true,"href":"https:\/\/stockholmfurniturefair.se\/en\/wp-json\/wp\/v2\/comments?post=3317052"}],"version-history":[{"count":7,"href":"https:\/\/stockholmfurniturefair.se\/en\/wp-json\/wp\/v2\/pages\/3317052\/revisions"}],"predecessor-version":[{"id":3329860,"href":"https:\/\/stockholmfurniturefair.se\/en\/wp-json\/wp\/v2\/pages\/3317052\/revisions\/3329860"}],"up":[{"embeddable":true,"href":"https:\/\/stockholmfurniturefair.se\/en\/wp-json\/wp\/v2\/pages\/3317037"}],"wp:attachment":[{"href":"https:\/\/stockholmfurniturefair.se\/en\/wp-json\/wp\/v2\/media?parent=3317052"}],"wp:term":[{"taxonomy":"hf_cat_page","embeddable":true,"href":"https:\/\/stockholmfurniturefair.se\/en\/wp-json\/wp\/v2\/hf_cat_page?post=3317052"}],"curies":[{"name":"wp","href":"https:\/\/api.w.org\/{rel}","templated":true}]}}